{"id":100,"date":"2025-03-12T16:06:08","date_gmt":"2025-03-12T15:06:08","guid":{"rendered":"https:\/\/bibliotheque.ovh\/?page_id=100"},"modified":"2025-04-03T21:08:45","modified_gmt":"2025-04-03T19:08:45","slug":"notre-association","status":"publish","type":"page","link":"https:\/\/bibliotheque.ovh\/?page_id=100","title":{"rendered":"La biblioth\u00e8que"},"content":{"rendered":"\t\t<div data-elementor-type=\"wp-page\" data-elementor-id=\"100\" class=\"elementor elementor-100\">\n\t\t\t\t<div class=\"elementor-element elementor-element-aff9b46 e-flex e-con-boxed wpr-particle-no wpr-jarallax-no wpr-parallax-no wpr-sticky-section-no e-con e-parent\" data-id=\"aff9b46\" data-element_type=\"container\">\n\t\t\t\t\t<div class=\"e-con-inner\">\n\t\t<div class=\"elementor-element elementor-element-749fbdc e-con-full e-flex wpr-particle-no wpr-jarallax-no wpr-parallax-no wpr-sticky-section-no e-con e-child\" data-id=\"749fbdc\" data-element_type=\"container\">\n\t\t\t\t<div class=\"elementor-element elementor-element-cdcbd8b elementor-widget__width-initial elementor-widget elementor-widget-image\" data-id=\"cdcbd8b\" data-element_type=\"widget\" data-widget_type=\"image.default\">\n\t\t\t\t<div class=\"elementor-widget-container\">\n\t\t\t\t\t\t\t\t\t\t\t\t\t\t\t<img fetchpriority=\"high\" decoding=\"async\" width=\"762\" height=\"1024\" src=\"https:\/\/bibliotheque.ovh\/wp-content\/uploads\/2025\/03\/186224959_303050418150607_2720681250272173833_n-762x1024.jpg\" class=\"attachment-large size-large wp-image-79\" alt=\"\" srcset=\"https:\/\/bibliotheque.ovh\/wp-content\/uploads\/2025\/03\/186224959_303050418150607_2720681250272173833_n-762x1024.jpg 762w, https:\/\/bibliotheque.ovh\/wp-content\/uploads\/2025\/03\/186224959_303050418150607_2720681250272173833_n-223x300.jpg 223w, https:\/\/bibliotheque.ovh\/wp-content\/uploads\/2025\/03\/186224959_303050418150607_2720681250272173833_n-768x1032.jpg 768w, https:\/\/bibliotheque.ovh\/wp-content\/uploads\/2025\/03\/186224959_303050418150607_2720681250272173833_n-1143x1536.jpg 1143w, https:\/\/bibliotheque.ovh\/wp-content\/uploads\/2025\/03\/186224959_303050418150607_2720681250272173833_n.jpg 1488w\" sizes=\"(max-width: 762px) 100vw, 762px\" \/>\t\t\t\t\t\t\t\t\t\t\t\t\t\t\t<\/div>\n\t\t\t\t<\/div>\n\t\t\t\t<\/div>\n\t\t\t\t<div class=\"elementor-element elementor-element-cec2510 elementor-widget elementor-widget-text-editor\" data-id=\"cec2510\" data-element_type=\"widget\" data-widget_type=\"text-editor.default\">\n\t\t\t\t<div class=\"elementor-widget-container\">\n\t\t\t\t\t\t\t\t\t<div class=\"editor-visual-editor__post-title-wrapper edit-post-visual-editor__post-title-wrapper\" contenteditable=\"false\"><h1 class=\"wp-block wp-block-post-title block-editor-block-list__block editor-post-title editor-post-title__input rich-text\" role=\"textbox\" contenteditable=\"true\" aria-label=\"Saisissez le titre\" aria-multiline=\"true\">\u00a0<\/h1><\/div><div class=\"is-root-container is-desktop-preview is-layout-flow wp-block-post-content-is-layout-flow wp-block-post-content block-editor-block-list__layout\" data-is-drop-zone=\"true\"><div data-olk-copy-source=\"MessageBody\">Situ\u00e9e au Plessis-Grimoult, \u00ab\u00a0Le pin\u00e7on qui lit\u00a0\u00bb est une biblioth\u00e8que dont l&rsquo;acc\u00e8s se fait par l&rsquo;entr\u00e9e de l&rsquo;agence postale, pr\u00e8s de la mairie.<\/div><div>G\u00e9r\u00e9e par l&rsquo;association culturelle \u00ab\u00a0Lire et loisirs au Plessis\u00a0\u00bb, notre biblioth\u00e8que dispose d&rsquo;un grand choix d&rsquo;ouvrages (plus de 8 000 livres pour adultes et enfants), que nous mettons gratuitement \u00e0 disposition de nos lecteurs pour une dur\u00e9e de un mois.<\/div><div>Un \u00e9chantillon de plus de 1 000 livres est pr\u00e9sent\u00e9 \u00e0 notre local ouvert au public le mercredi de 15 h \u00e0 17 h et le samedi de 11 h \u00e0 12 h.<\/div><\/div>\t\t\t\t\t\t\t\t<\/div>\n\t\t\t\t<\/div>\n\t\t\t\t\t<\/div>\n\t\t\t\t<\/div>\n\t\t<div class=\"elementor-element elementor-element-2dfa8e2 e-flex e-con-boxed wpr-particle-no wpr-jarallax-no wpr-parallax-no wpr-sticky-section-no e-con e-parent\" data-id=\"2dfa8e2\" data-element_type=\"container\">\n\t\t\t\t\t<div class=\"e-con-inner\">\n\t\t\t\t<div class=\"elementor-element elementor-element-9a1058c elementor-widget elementor-widget-google_maps\" data-id=\"9a1058c\" data-element_type=\"widget\" data-widget_type=\"google_maps.default\">\n\t\t\t\t<div class=\"elementor-widget-container\">\n\t\t\t\t\t\t\t<div class=\"elementor-custom-embed\">\n\t\t\t<iframe loading=\"lazy\"\n\t\t\t\t\tsrc=\"https:\/\/maps.google.com\/maps?q=4%20Pl.%20des%20Grimoultais%2014260%20Les%20Monts%20d%27Aunay&#038;t=m&#038;z=12&#038;output=embed&#038;iwloc=near\"\n\t\t\t\t\ttitle=\"4 Pl. des Grimoultais 14260 Les Monts d&#039;Aunay\"\n\t\t\t\t\taria-label=\"4 Pl. des Grimoultais 14260 Les Monts d&#039;Aunay\"\n\t\t\t><\/iframe>\n\t\t<\/div>\n\t\t\t\t\t\t<\/div>\n\t\t\t\t<\/div>\n\t\t\t\t\t<\/div>\n\t\t\t\t<\/div>\n\t\t\t\t<\/div>\n\t\t","protected":false},"excerpt":{"rendered":"<p>\u00a0 Situ\u00e9e au Plessis-Grimoult, \u00ab\u00a0Le pin\u00e7on qui lit\u00a0\u00bb est une biblioth\u00e8que dont l&rsquo;acc\u00e8s se fait par l&rsquo;entr\u00e9e de l&rsquo;agence postale, pr\u00e8s de la mairie.G\u00e9r\u00e9e par l&rsquo;association culturelle \u00ab\u00a0Lire et loisirs au Plessis\u00a0\u00bb, notre biblioth\u00e8que dispose d&rsquo;un grand choix d&rsquo;ouvrages (plus de 8 000 livres pour adultes et enfants), que nous mettons gratuitement \u00e0 disposition de nos lecteurs pour une dur\u00e9e de un mois.Un \u00e9chantillon de plus de 1 000 livres est pr\u00e9sent\u00e9 \u00e0 notre local ouvert au public le mercredi de 15 h \u00e0 17 h et le samedi de 11 h \u00e0 12 h.<\/p>\n","protected":false},"author":1,"featured_media":0,"parent":0,"menu_order":0,"comment_status":"closed","ping_status":"closed","template":"","meta":{"footnotes":""},"class_list":["post-100","page","type-page","status-publish","hentry"],"_links":{"self":[{"href":"https:\/\/bibliotheque.ovh\/index.php?rest_route=\/wp\/v2\/pages\/100","targetHints":{"allow":["GET"]}}],"collection":[{"href":"https:\/\/bibliotheque.ovh\/index.php?rest_route=\/wp\/v2\/pages"}],"about":[{"href":"https:\/\/bibliotheque.ovh\/index.php?rest_route=\/wp\/v2\/types\/page"}],"author":[{"embeddable":true,"href":"https:\/\/bibliotheque.ovh\/index.php?rest_route=\/wp\/v2\/users\/1"}],"replies":[{"embeddable":true,"href":"https:\/\/bibliotheque.ovh\/index.php?rest_route=%2Fwp%2Fv2%2Fcomments&post=100"}],"version-history":[{"count":14,"href":"https:\/\/bibliotheque.ovh\/index.php?rest_route=\/wp\/v2\/pages\/100\/revisions"}],"predecessor-version":[{"id":705,"href":"https:\/\/bibliotheque.ovh\/index.php?rest_route=\/wp\/v2\/pages\/100\/revisions\/705"}],"wp:attachment":[{"href":"https:\/\/bibliotheque.ovh\/index.php?rest_route=%2Fwp%2Fv2%2Fmedia&parent=100"}],"curies":[{"name":"wp","href":"https:\/\/api.w.org\/{rel}","templated":true}]}}