{"id":1035,"date":"2026-04-19T10:39:51","date_gmt":"2026-04-19T08:39:51","guid":{"rendered":"https:\/\/bibliotheque.ovh\/?page_id=1035"},"modified":"2026-04-19T10:52:14","modified_gmt":"2026-04-19T08:52:14","slug":"millenaire-2027","status":"publish","type":"page","link":"https:\/\/bibliotheque.ovh\/?page_id=1035","title":{"rendered":"Mill\u00e9naire 2027"},"content":{"rendered":"\n<p><\/p>\n\n\n\n<p><\/p>\n\n\n\n<p>Nous allons r\u00e9aliser un projet culturel d&rsquo;envergure : une f\u00eate f\u00e9odale retra\u00e7ant l&rsquo;histoire de notre village au temps de Guillaume le Conqu\u00e9rant. Cet \u00e9v\u00e9nement est programm\u00e9 les 17 et 18 juillet 2027.<\/p>\n\n\n\n<p>Partir sur les traces de Guillaume et de Grimoult, raconter l&rsquo;histoire qui les lie, les rattache \u00e0 notre village, est essentiel pour ce mill\u00e9naire. Vestiges et monuments en t\u00e9moignent encore.<\/p>\n\n\n\n<figure class=\"wp-block-image size-large\"><img fetchpriority=\"high\" decoding=\"async\" width=\"683\" height=\"1024\" src=\"https:\/\/bibliotheque.ovh\/wp-content\/uploads\/2026\/04\/03bb10d8-0643-40c9-988d-978dfaa3be89-683x1024.jpg\" alt=\"\" class=\"wp-image-1036\" srcset=\"https:\/\/bibliotheque.ovh\/wp-content\/uploads\/2026\/04\/03bb10d8-0643-40c9-988d-978dfaa3be89-683x1024.jpg 683w, https:\/\/bibliotheque.ovh\/wp-content\/uploads\/2026\/04\/03bb10d8-0643-40c9-988d-978dfaa3be89-200x300.jpg 200w, https:\/\/bibliotheque.ovh\/wp-content\/uploads\/2026\/04\/03bb10d8-0643-40c9-988d-978dfaa3be89-768x1152.jpg 768w, https:\/\/bibliotheque.ovh\/wp-content\/uploads\/2026\/04\/03bb10d8-0643-40c9-988d-978dfaa3be89.jpg 1024w\" sizes=\"(max-width: 683px) 100vw, 683px\" \/><\/figure>\n","protected":false},"excerpt":{"rendered":"<p>Nous allons r\u00e9aliser un projet culturel d&rsquo;envergure : une f\u00eate f\u00e9odale retra\u00e7ant l&rsquo;histoire de notre village au temps de Guillaume le Conqu\u00e9rant. Cet \u00e9v\u00e9nement est programm\u00e9 les 17 et 18 juillet 2027. Partir sur les traces de Guillaume et de Grimoult, raconter l&rsquo;histoire qui les lie, les rattache \u00e0 notre village, est essentiel pour ce mill\u00e9naire. Vestiges et monuments en t\u00e9moignent encore.<\/p>\n","protected":false},"author":1,"featured_media":0,"parent":0,"menu_order":0,"comment_status":"closed","ping_status":"closed","template":"","meta":{"footnotes":""},"class_list":["post-1035","page","type-page","status-publish","hentry"],"_links":{"self":[{"href":"https:\/\/bibliotheque.ovh\/index.php?rest_route=\/wp\/v2\/pages\/1035","targetHints":{"allow":["GET"]}}],"collection":[{"href":"https:\/\/bibliotheque.ovh\/index.php?rest_route=\/wp\/v2\/pages"}],"about":[{"href":"https:\/\/bibliotheque.ovh\/index.php?rest_route=\/wp\/v2\/types\/page"}],"author":[{"embeddable":true,"href":"https:\/\/bibliotheque.ovh\/index.php?rest_route=\/wp\/v2\/users\/1"}],"replies":[{"embeddable":true,"href":"https:\/\/bibliotheque.ovh\/index.php?rest_route=%2Fwp%2Fv2%2Fcomments&post=1035"}],"version-history":[{"count":4,"href":"https:\/\/bibliotheque.ovh\/index.php?rest_route=\/wp\/v2\/pages\/1035\/revisions"}],"predecessor-version":[{"id":1041,"href":"https:\/\/bibliotheque.ovh\/index.php?rest_route=\/wp\/v2\/pages\/1035\/revisions\/1041"}],"wp:attachment":[{"href":"https:\/\/bibliotheque.ovh\/index.php?rest_route=%2Fwp%2Fv2%2Fmedia&parent=1035"}],"curies":[{"name":"wp","href":"https:\/\/api.w.org\/{rel}","templated":true}]}}