{"id":124,"date":"2025-03-12T18:39:01","date_gmt":"2025-03-12T17:39:01","guid":{"rendered":"https:\/\/bibliotheque.ovh\/?page_id=124"},"modified":"2025-04-03T21:06:00","modified_gmt":"2025-04-03T19:06:00","slug":"notre-association-2","status":"publish","type":"page","link":"https:\/\/bibliotheque.ovh\/?page_id=124","title":{"rendered":"Notre association"},"content":{"rendered":"\t\t<div data-elementor-type=\"wp-page\" data-elementor-id=\"124\" class=\"elementor elementor-124\">\n\t\t\t\t<div class=\"elementor-element elementor-element-41b82740 e-flex e-con-boxed wpr-particle-no wpr-jarallax-no wpr-parallax-no wpr-sticky-section-no e-con e-parent\" data-id=\"41b82740\" data-element_type=\"container\">\n\t\t\t\t\t<div class=\"e-con-inner\">\n\t\t\t\t<div class=\"elementor-element elementor-element-837d5cc elementor-widget elementor-widget-text-editor\" data-id=\"837d5cc\" data-element_type=\"widget\" data-widget_type=\"text-editor.default\">\n\t\t\t\t<div class=\"elementor-widget-container\">\n\t\t\t\t\t\t\t\t\t<div data-olk-copy-source=\"MessageBody\">L&rsquo;association \u00ab\u00a0Lire et loisirs au Plessis\u00a0\u00bb a \u00e9t\u00e9 cr\u00e9\u00e9e par des b\u00e9n\u00e9voles pour proposer un lieu culturel et de vie sociale, avec\u00a0 un acc\u00e8s\u00a0\u00a0gratuit \u00e0 la lecture, gr\u00e2ce \u00e0 la biblioth\u00e8que \u00ab\u00a0Le pin\u00e7on qui lit\u00a0\u00bb.\u00a0<\/div>\n<div>Nous recevons les a\u00een\u00e9s le 4\u00e8me mercredi de chaque mois pour un apr\u00e8s-midi jeux.<\/div>\n<p>\u00a0<\/p>\n<p><!-- \/wp:paragraph --><!-- wp:image {\"id\":87} --><\/p>\n<figure class=\"wp-block-image\"><img fetchpriority=\"high\" decoding=\"async\" class=\"aligncenter wp-image-87 size-medium\" src=\"https:\/\/bibliotheque.ovh\/wp-content\/uploads\/2025\/03\/ancien-300x225.jpg\" alt=\"\" width=\"300\" height=\"225\" srcset=\"https:\/\/bibliotheque.ovh\/wp-content\/uploads\/2025\/03\/ancien-300x225.jpg 300w, https:\/\/bibliotheque.ovh\/wp-content\/uploads\/2025\/03\/ancien-1024x768.jpg 1024w, https:\/\/bibliotheque.ovh\/wp-content\/uploads\/2025\/03\/ancien-768x576.jpg 768w, https:\/\/bibliotheque.ovh\/wp-content\/uploads\/2025\/03\/ancien-1536x1152.jpg 1536w, https:\/\/bibliotheque.ovh\/wp-content\/uploads\/2025\/03\/ancien.jpg 2048w\" sizes=\"(max-width: 300px) 100vw, 300px\" \/><\/figure>\n<p><!-- \/wp:image --><!-- wp:paragraph --><\/p>\n<p>\u00a0<\/p>\n<p><span data-olk-copy-source=\"MessageBody\">Les b\u00e9n\u00e9voles proposent un service de livraison de livres chez les personnes isol\u00e9es et organisent plusieurs \u00e9v\u00e9nements : un salon du livre tous les 2 ans, des soir\u00e9es jeux de soci\u00e9t\u00e9, des soir\u00e9es th\u00e9\u00e2tre et des randonn\u00e9es estivales de juillet \u00e0 septembre.<\/span><\/p>\n<p><!-- \/wp:paragraph --><\/p>\t\t\t\t\t\t\t\t<\/div>\n\t\t\t\t<\/div>\n\t\t\t\t\t<\/div>\n\t\t\t\t<\/div>\n\t\t\t\t<\/div>\n\t\t","protected":false},"excerpt":{"rendered":"<p>L&rsquo;association \u00ab\u00a0Lire et loisirs au Plessis\u00a0\u00bb a \u00e9t\u00e9 cr\u00e9\u00e9e par des b\u00e9n\u00e9voles pour proposer un lieu culturel et de vie sociale, avec\u00a0 un acc\u00e8s\u00a0\u00a0gratuit \u00e0 la lecture, gr\u00e2ce \u00e0 la biblioth\u00e8que \u00ab\u00a0Le pin\u00e7on qui lit\u00a0\u00bb.\u00a0 Nous recevons les a\u00een\u00e9s le 4\u00e8me mercredi de chaque mois pour un apr\u00e8s-midi jeux. \u00a0 \u00a0 Les b\u00e9n\u00e9voles proposent un service de livraison de livres chez les personnes isol\u00e9es et organisent plusieurs \u00e9v\u00e9nements : un salon du livre tous les 2 ans, des soir\u00e9es jeux de soci\u00e9t\u00e9, des soir\u00e9es th\u00e9\u00e2tre et des randonn\u00e9es estivales de juillet \u00e0 septembre.<\/p>\n","protected":false},"author":1,"featured_media":0,"parent":0,"menu_order":0,"comment_status":"closed","ping_status":"closed","template":"","meta":{"footnotes":""},"class_list":["post-124","page","type-page","status-publish","hentry"],"_links":{"self":[{"href":"https:\/\/bibliotheque.ovh\/index.php?rest_route=\/wp\/v2\/pages\/124","targetHints":{"allow":["GET"]}}],"collection":[{"href":"https:\/\/bibliotheque.ovh\/index.php?rest_route=\/wp\/v2\/pages"}],"about":[{"href":"https:\/\/bibliotheque.ovh\/index.php?rest_route=\/wp\/v2\/types\/page"}],"author":[{"embeddable":true,"href":"https:\/\/bibliotheque.ovh\/index.php?rest_route=\/wp\/v2\/users\/1"}],"replies":[{"embeddable":true,"href":"https:\/\/bibliotheque.ovh\/index.php?rest_route=%2Fwp%2Fv2%2Fcomments&post=124"}],"version-history":[{"count":16,"href":"https:\/\/bibliotheque.ovh\/index.php?rest_route=\/wp\/v2\/pages\/124\/revisions"}],"predecessor-version":[{"id":702,"href":"https:\/\/bibliotheque.ovh\/index.php?rest_route=\/wp\/v2\/pages\/124\/revisions\/702"}],"wp:attachment":[{"href":"https:\/\/bibliotheque.ovh\/index.php?rest_route=%2Fwp%2Fv2%2Fmedia&parent=124"}],"curies":[{"name":"wp","href":"https:\/\/api.w.org\/{rel}","templated":true}]}}