{"id":211,"date":"2025-03-12T22:49:40","date_gmt":"2025-03-12T21:49:40","guid":{"rendered":"https:\/\/bibliotheque.ovh\/?page_id=211"},"modified":"2025-03-12T22:49:40","modified_gmt":"2025-03-12T21:49:40","slug":"soiree-jeux-de-societe-du-8-3-25","status":"publish","type":"page","link":"https:\/\/bibliotheque.ovh\/?page_id=211","title":{"rendered":"Soir\u00e9e jeux de soci\u00e9t\u00e9 du 8\/3\/25"},"content":{"rendered":"\n<figure class=\"wp-block-gallery has-nested-images columns-default is-cropped wp-block-gallery-1 is-layout-flex wp-block-gallery-is-layout-flex\">\n<figure class=\"wp-block-image size-large\"><img fetchpriority=\"high\" decoding=\"async\" width=\"768\" height=\"1024\" data-id=\"207\" src=\"https:\/\/bibliotheque.ovh\/wp-content\/uploads\/2025\/03\/482218264_1042787471215395_629930185400982828_n-1-768x1024.jpg\" alt=\"\" class=\"wp-image-207\" srcset=\"https:\/\/bibliotheque.ovh\/wp-content\/uploads\/2025\/03\/482218264_1042787471215395_629930185400982828_n-1-768x1024.jpg 768w, https:\/\/bibliotheque.ovh\/wp-content\/uploads\/2025\/03\/482218264_1042787471215395_629930185400982828_n-1-225x300.jpg 225w, https:\/\/bibliotheque.ovh\/wp-content\/uploads\/2025\/03\/482218264_1042787471215395_629930185400982828_n-1-1152x1536.jpg 1152w, https:\/\/bibliotheque.ovh\/wp-content\/uploads\/2025\/03\/482218264_1042787471215395_629930185400982828_n-1.jpg 1536w\" sizes=\"(max-width: 768px) 100vw, 768px\" \/><\/figure>\n\n\n\n<figure class=\"wp-block-image size-large\"><img decoding=\"async\" width=\"768\" height=\"1024\" data-id=\"206\" src=\"https:\/\/bibliotheque.ovh\/wp-content\/uploads\/2025\/03\/482208105_1042787347882074_876336178946288783_n-1-768x1024.jpg\" alt=\"\" class=\"wp-image-206\" srcset=\"https:\/\/bibliotheque.ovh\/wp-content\/uploads\/2025\/03\/482208105_1042787347882074_876336178946288783_n-1-768x1024.jpg 768w, https:\/\/bibliotheque.ovh\/wp-content\/uploads\/2025\/03\/482208105_1042787347882074_876336178946288783_n-1-225x300.jpg 225w, https:\/\/bibliotheque.ovh\/wp-content\/uploads\/2025\/03\/482208105_1042787347882074_876336178946288783_n-1-1152x1536.jpg 1152w, https:\/\/bibliotheque.ovh\/wp-content\/uploads\/2025\/03\/482208105_1042787347882074_876336178946288783_n-1.jpg 1536w\" sizes=\"(max-width: 768px) 100vw, 768px\" \/><\/figure>\n\n\n\n<figure class=\"wp-block-image size-large\"><img decoding=\"async\" width=\"768\" height=\"1024\" data-id=\"205\" src=\"https:\/\/bibliotheque.ovh\/wp-content\/uploads\/2025\/03\/482191587_1042787417882067_8376209269214118294_n-1-768x1024.jpg\" alt=\"\" class=\"wp-image-205\" srcset=\"https:\/\/bibliotheque.ovh\/wp-content\/uploads\/2025\/03\/482191587_1042787417882067_8376209269214118294_n-1-768x1024.jpg 768w, https:\/\/bibliotheque.ovh\/wp-content\/uploads\/2025\/03\/482191587_1042787417882067_8376209269214118294_n-1-225x300.jpg 225w, https:\/\/bibliotheque.ovh\/wp-content\/uploads\/2025\/03\/482191587_1042787417882067_8376209269214118294_n-1-1152x1536.jpg 1152w, https:\/\/bibliotheque.ovh\/wp-content\/uploads\/2025\/03\/482191587_1042787417882067_8376209269214118294_n-1.jpg 1536w\" sizes=\"(max-width: 768px) 100vw, 768px\" \/><\/figure>\n\n\n\n<figure class=\"wp-block-image size-large\"><img loading=\"lazy\" decoding=\"async\" width=\"1024\" height=\"768\" data-id=\"204\" src=\"https:\/\/bibliotheque.ovh\/wp-content\/uploads\/2025\/03\/482073171_1042787241215418_7541947579062453_n-1-1-1024x768.jpg\" alt=\"\" class=\"wp-image-204\" srcset=\"https:\/\/bibliotheque.ovh\/wp-content\/uploads\/2025\/03\/482073171_1042787241215418_7541947579062453_n-1-1-1024x768.jpg 1024w, https:\/\/bibliotheque.ovh\/wp-content\/uploads\/2025\/03\/482073171_1042787241215418_7541947579062453_n-1-1-300x225.jpg 300w, https:\/\/bibliotheque.ovh\/wp-content\/uploads\/2025\/03\/482073171_1042787241215418_7541947579062453_n-1-1-768x576.jpg 768w, https:\/\/bibliotheque.ovh\/wp-content\/uploads\/2025\/03\/482073171_1042787241215418_7541947579062453_n-1-1-1536x1152.jpg 1536w, https:\/\/bibliotheque.ovh\/wp-content\/uploads\/2025\/03\/482073171_1042787241215418_7541947579062453_n-1-1.jpg 2048w\" sizes=\"(max-width: 1024px) 100vw, 1024px\" \/><\/figure>\n\n\n\n<figure class=\"wp-block-image size-large\"><img loading=\"lazy\" decoding=\"async\" width=\"768\" height=\"1024\" data-id=\"202\" src=\"https:\/\/bibliotheque.ovh\/wp-content\/uploads\/2025\/03\/481985025_1042787314548744_3884820333438764359_n-1-768x1024.jpg\" alt=\"\" class=\"wp-image-202\" srcset=\"https:\/\/bibliotheque.ovh\/wp-content\/uploads\/2025\/03\/481985025_1042787314548744_3884820333438764359_n-1-768x1024.jpg 768w, https:\/\/bibliotheque.ovh\/wp-content\/uploads\/2025\/03\/481985025_1042787314548744_3884820333438764359_n-1-225x300.jpg 225w, https:\/\/bibliotheque.ovh\/wp-content\/uploads\/2025\/03\/481985025_1042787314548744_3884820333438764359_n-1-1152x1536.jpg 1152w, https:\/\/bibliotheque.ovh\/wp-content\/uploads\/2025\/03\/481985025_1042787314548744_3884820333438764359_n-1.jpg 1536w\" sizes=\"(max-width: 768px) 100vw, 768px\" \/><\/figure>\n\n\n\n<figure class=\"wp-block-image size-large\"><img loading=\"lazy\" decoding=\"async\" width=\"768\" height=\"1024\" data-id=\"203\" src=\"https:\/\/bibliotheque.ovh\/wp-content\/uploads\/2025\/03\/482049365_1042787381215404_686234702526670511_n-1-768x1024.jpg\" alt=\"\" class=\"wp-image-203\" srcset=\"https:\/\/bibliotheque.ovh\/wp-content\/uploads\/2025\/03\/482049365_1042787381215404_686234702526670511_n-1-768x1024.jpg 768w, https:\/\/bibliotheque.ovh\/wp-content\/uploads\/2025\/03\/482049365_1042787381215404_686234702526670511_n-1-225x300.jpg 225w, https:\/\/bibliotheque.ovh\/wp-content\/uploads\/2025\/03\/482049365_1042787381215404_686234702526670511_n-1-1152x1536.jpg 1152w, https:\/\/bibliotheque.ovh\/wp-content\/uploads\/2025\/03\/482049365_1042787381215404_686234702526670511_n-1.jpg 1536w\" sizes=\"(max-width: 768px) 100vw, 768px\" \/><\/figure>\n<\/figure>\n","protected":false},"excerpt":{"rendered":"","protected":false},"author":1,"featured_media":0,"parent":0,"menu_order":0,"comment_status":"closed","ping_status":"closed","template":"","meta":{"footnotes":""},"class_list":["post-211","page","type-page","status-publish","hentry"],"_links":{"self":[{"href":"https:\/\/bibliotheque.ovh\/index.php?rest_route=\/wp\/v2\/pages\/211","targetHints":{"allow":["GET"]}}],"collection":[{"href":"https:\/\/bibliotheque.ovh\/index.php?rest_route=\/wp\/v2\/pages"}],"about":[{"href":"https:\/\/bibliotheque.ovh\/index.php?rest_route=\/wp\/v2\/types\/page"}],"author":[{"embeddable":true,"href":"https:\/\/bibliotheque.ovh\/index.php?rest_route=\/wp\/v2\/users\/1"}],"replies":[{"embeddable":true,"href":"https:\/\/bibliotheque.ovh\/index.php?rest_route=%2Fwp%2Fv2%2Fcomments&post=211"}],"version-history":[{"count":1,"href":"https:\/\/bibliotheque.ovh\/index.php?rest_route=\/wp\/v2\/pages\/211\/revisions"}],"predecessor-version":[{"id":212,"href":"https:\/\/bibliotheque.ovh\/index.php?rest_route=\/wp\/v2\/pages\/211\/revisions\/212"}],"wp:attachment":[{"href":"https:\/\/bibliotheque.ovh\/index.php?rest_route=%2Fwp%2Fv2%2Fmedia&parent=211"}],"curies":[{"name":"wp","href":"https:\/\/api.w.org\/{rel}","templated":true}]}}