{"id":276,"date":"2025-03-13T20:54:42","date_gmt":"2025-03-13T19:54:42","guid":{"rendered":"https:\/\/bibliotheque.ovh\/?page_id=276"},"modified":"2025-04-03T21:17:55","modified_gmt":"2025-04-03T19:17:55","slug":"randonnee-roucamps-4-7-24","status":"publish","type":"page","link":"https:\/\/bibliotheque.ovh\/?page_id=276","title":{"rendered":"Randonn\u00e9e Roucamps 4\/7\/24"},"content":{"rendered":"\n<p>Pour cette nouvelle rando estivale, 42 randonneurs avaient r\u00e9pondu<br>pr\u00e9sent sous le soleil couchant de Roucamps.<br>Apr\u00e8s quelques recommandations d\u2019usage (tiques et s\u00e9curit\u00e9), nous avons<br>long\u00e9 la sente entre la mairie et l\u2019\u00e9glise, puis nous nous sommes dirig\u00e9s vers <br>le moulin de Roucamps, sur le Plessis-Grimoult. Par plusieurs chemins \u00e0 flanc <br>de colline nous cheminons vers le Postil.<br>Nous montons la voie romaine Jublains\/Bayeux. Sur le fa\u00eete nous<br>plongeons vers Courtilbert. Arriv\u00e9s aux champs, sur la gauche, ce chemin sur<br>le territoire d\u2019Aunay, remonte au haut des Bois d\u2019Aunay. Par la route de St<br>C\u00e9lerin, le premier chemin permet de revenir au Mauny.<br>Nous continuons \u00e0 l\u2019arri\u00e8re des propri\u00e9t\u00e9s pour d\u00e9boucher devant l\u2019\u00e9glise.<br>Le passage pi\u00e9ton et la sente initiale ach\u00e8vent ce p\u00e9riple de 8 kms, au<br>tintement de la cloche sonnant 22h00.<br>Une \u00ab\u00a0collation\u00a0\u00bb ponctue cette premi\u00e8re estivale.<\/p>\n\n\n\n<figure class=\"wp-block-gallery has-nested-images columns-default is-cropped wp-block-gallery-1 is-layout-flex wp-block-gallery-is-layout-flex\">\n<figure class=\"wp-block-image size-large\"><img fetchpriority=\"high\" decoding=\"async\" width=\"1024\" height=\"768\" data-id=\"275\" src=\"https:\/\/bibliotheque.ovh\/wp-content\/uploads\/2025\/03\/image_1342234_20240705_ob_dbba55_img-20240704-214028-1024x768.jpg\" alt=\"\" class=\"wp-image-275\" srcset=\"https:\/\/bibliotheque.ovh\/wp-content\/uploads\/2025\/03\/image_1342234_20240705_ob_dbba55_img-20240704-214028-1024x768.jpg 1024w, https:\/\/bibliotheque.ovh\/wp-content\/uploads\/2025\/03\/image_1342234_20240705_ob_dbba55_img-20240704-214028-300x225.jpg 300w, https:\/\/bibliotheque.ovh\/wp-content\/uploads\/2025\/03\/image_1342234_20240705_ob_dbba55_img-20240704-214028-768x576.jpg 768w, https:\/\/bibliotheque.ovh\/wp-content\/uploads\/2025\/03\/image_1342234_20240705_ob_dbba55_img-20240704-214028-1536x1152.jpg 1536w, https:\/\/bibliotheque.ovh\/wp-content\/uploads\/2025\/03\/image_1342234_20240705_ob_dbba55_img-20240704-214028.jpg 1600w\" sizes=\"(max-width: 1024px) 100vw, 1024px\" \/><\/figure>\n\n\n\n<figure class=\"wp-block-image size-large\"><img decoding=\"async\" width=\"1024\" height=\"768\" data-id=\"274\" src=\"https:\/\/bibliotheque.ovh\/wp-content\/uploads\/2025\/03\/image_1342234_20240705_ob_a6a0dc_img-20240704-194436-1024x768.jpg\" alt=\"\" class=\"wp-image-274\" srcset=\"https:\/\/bibliotheque.ovh\/wp-content\/uploads\/2025\/03\/image_1342234_20240705_ob_a6a0dc_img-20240704-194436-1024x768.jpg 1024w, https:\/\/bibliotheque.ovh\/wp-content\/uploads\/2025\/03\/image_1342234_20240705_ob_a6a0dc_img-20240704-194436-300x225.jpg 300w, https:\/\/bibliotheque.ovh\/wp-content\/uploads\/2025\/03\/image_1342234_20240705_ob_a6a0dc_img-20240704-194436-768x576.jpg 768w, https:\/\/bibliotheque.ovh\/wp-content\/uploads\/2025\/03\/image_1342234_20240705_ob_a6a0dc_img-20240704-194436-1536x1152.jpg 1536w, https:\/\/bibliotheque.ovh\/wp-content\/uploads\/2025\/03\/image_1342234_20240705_ob_a6a0dc_img-20240704-194436.jpg 1600w\" sizes=\"(max-width: 1024px) 100vw, 1024px\" \/><\/figure>\n\n\n\n<figure class=\"wp-block-image size-large\"><img decoding=\"async\" width=\"1024\" height=\"768\" data-id=\"272\" src=\"https:\/\/bibliotheque.ovh\/wp-content\/uploads\/2025\/03\/image_1342234_20240705_ob_2092ad_img-20240704-202232-1024x768.jpg\" alt=\"\" class=\"wp-image-272\" srcset=\"https:\/\/bibliotheque.ovh\/wp-content\/uploads\/2025\/03\/image_1342234_20240705_ob_2092ad_img-20240704-202232-1024x768.jpg 1024w, https:\/\/bibliotheque.ovh\/wp-content\/uploads\/2025\/03\/image_1342234_20240705_ob_2092ad_img-20240704-202232-300x225.jpg 300w, https:\/\/bibliotheque.ovh\/wp-content\/uploads\/2025\/03\/image_1342234_20240705_ob_2092ad_img-20240704-202232-768x576.jpg 768w, https:\/\/bibliotheque.ovh\/wp-content\/uploads\/2025\/03\/image_1342234_20240705_ob_2092ad_img-20240704-202232-1536x1152.jpg 1536w, https:\/\/bibliotheque.ovh\/wp-content\/uploads\/2025\/03\/image_1342234_20240705_ob_2092ad_img-20240704-202232.jpg 1600w\" sizes=\"(max-width: 1024px) 100vw, 1024px\" \/><\/figure>\n\n\n\n<figure class=\"wp-block-image size-large\"><img loading=\"lazy\" decoding=\"async\" width=\"1024\" height=\"768\" data-id=\"271\" src=\"https:\/\/bibliotheque.ovh\/wp-content\/uploads\/2025\/03\/image_1342234_20240705_ob_45f289_img-20240704-200153-1024x768.jpg\" alt=\"\" class=\"wp-image-271\" srcset=\"https:\/\/bibliotheque.ovh\/wp-content\/uploads\/2025\/03\/image_1342234_20240705_ob_45f289_img-20240704-200153-1024x768.jpg 1024w, https:\/\/bibliotheque.ovh\/wp-content\/uploads\/2025\/03\/image_1342234_20240705_ob_45f289_img-20240704-200153-300x225.jpg 300w, https:\/\/bibliotheque.ovh\/wp-content\/uploads\/2025\/03\/image_1342234_20240705_ob_45f289_img-20240704-200153-768x576.jpg 768w, https:\/\/bibliotheque.ovh\/wp-content\/uploads\/2025\/03\/image_1342234_20240705_ob_45f289_img-20240704-200153-1536x1152.jpg 1536w, https:\/\/bibliotheque.ovh\/wp-content\/uploads\/2025\/03\/image_1342234_20240705_ob_45f289_img-20240704-200153.jpg 1600w\" sizes=\"(max-width: 1024px) 100vw, 1024px\" \/><\/figure>\n\n\n\n<figure class=\"wp-block-image size-large\"><img loading=\"lazy\" decoding=\"async\" width=\"1024\" height=\"768\" data-id=\"269\" src=\"https:\/\/bibliotheque.ovh\/wp-content\/uploads\/2025\/03\/image_1342234_20240705_ob_3dde04_img-20240704-201515-1024x768.jpg\" alt=\"\" class=\"wp-image-269\" srcset=\"https:\/\/bibliotheque.ovh\/wp-content\/uploads\/2025\/03\/image_1342234_20240705_ob_3dde04_img-20240704-201515-1024x768.jpg 1024w, https:\/\/bibliotheque.ovh\/wp-content\/uploads\/2025\/03\/image_1342234_20240705_ob_3dde04_img-20240704-201515-300x225.jpg 300w, https:\/\/bibliotheque.ovh\/wp-content\/uploads\/2025\/03\/image_1342234_20240705_ob_3dde04_img-20240704-201515-768x576.jpg 768w, https:\/\/bibliotheque.ovh\/wp-content\/uploads\/2025\/03\/image_1342234_20240705_ob_3dde04_img-20240704-201515-1536x1152.jpg 1536w, https:\/\/bibliotheque.ovh\/wp-content\/uploads\/2025\/03\/image_1342234_20240705_ob_3dde04_img-20240704-201515.jpg 1600w\" sizes=\"(max-width: 1024px) 100vw, 1024px\" \/><\/figure>\n\n\n\n<figure class=\"wp-block-image size-large\"><img loading=\"lazy\" decoding=\"async\" width=\"1024\" height=\"768\" data-id=\"270\" src=\"https:\/\/bibliotheque.ovh\/wp-content\/uploads\/2025\/03\/image_1342234_20240705_ob_8b7817_img-20240704-202223-1024x768.jpg\" alt=\"\" class=\"wp-image-270\" srcset=\"https:\/\/bibliotheque.ovh\/wp-content\/uploads\/2025\/03\/image_1342234_20240705_ob_8b7817_img-20240704-202223-1024x768.jpg 1024w, https:\/\/bibliotheque.ovh\/wp-content\/uploads\/2025\/03\/image_1342234_20240705_ob_8b7817_img-20240704-202223-300x225.jpg 300w, https:\/\/bibliotheque.ovh\/wp-content\/uploads\/2025\/03\/image_1342234_20240705_ob_8b7817_img-20240704-202223-768x576.jpg 768w, https:\/\/bibliotheque.ovh\/wp-content\/uploads\/2025\/03\/image_1342234_20240705_ob_8b7817_img-20240704-202223-1536x1152.jpg 1536w, https:\/\/bibliotheque.ovh\/wp-content\/uploads\/2025\/03\/image_1342234_20240705_ob_8b7817_img-20240704-202223.jpg 1600w\" sizes=\"(max-width: 1024px) 100vw, 1024px\" \/><\/figure>\n\n\n\n<figure class=\"wp-block-image size-large\"><img loading=\"lazy\" decoding=\"async\" width=\"1024\" height=\"768\" data-id=\"268\" src=\"https:\/\/bibliotheque.ovh\/wp-content\/uploads\/2025\/03\/image_1342234_20240705_ob_0e892f_img-20240704-200436-1024x768.jpg\" alt=\"\" class=\"wp-image-268\" srcset=\"https:\/\/bibliotheque.ovh\/wp-content\/uploads\/2025\/03\/image_1342234_20240705_ob_0e892f_img-20240704-200436-1024x768.jpg 1024w, https:\/\/bibliotheque.ovh\/wp-content\/uploads\/2025\/03\/image_1342234_20240705_ob_0e892f_img-20240704-200436-300x225.jpg 300w, https:\/\/bibliotheque.ovh\/wp-content\/uploads\/2025\/03\/image_1342234_20240705_ob_0e892f_img-20240704-200436-768x576.jpg 768w, https:\/\/bibliotheque.ovh\/wp-content\/uploads\/2025\/03\/image_1342234_20240705_ob_0e892f_img-20240704-200436-1536x1152.jpg 1536w, https:\/\/bibliotheque.ovh\/wp-content\/uploads\/2025\/03\/image_1342234_20240705_ob_0e892f_img-20240704-200436.jpg 1600w\" sizes=\"(max-width: 1024px) 100vw, 1024px\" \/><\/figure>\n\n\n\n<figure class=\"wp-block-image size-large\"><img loading=\"lazy\" decoding=\"async\" width=\"1024\" height=\"538\" data-id=\"273\" src=\"https:\/\/bibliotheque.ovh\/wp-content\/uploads\/2025\/03\/image_1342234_20240705_ob_684911_roucamps-nuit-8-kms-1-1024x538.jpg\" alt=\"\" class=\"wp-image-273\" srcset=\"https:\/\/bibliotheque.ovh\/wp-content\/uploads\/2025\/03\/image_1342234_20240705_ob_684911_roucamps-nuit-8-kms-1-1024x538.jpg 1024w, https:\/\/bibliotheque.ovh\/wp-content\/uploads\/2025\/03\/image_1342234_20240705_ob_684911_roucamps-nuit-8-kms-1-300x158.jpg 300w, https:\/\/bibliotheque.ovh\/wp-content\/uploads\/2025\/03\/image_1342234_20240705_ob_684911_roucamps-nuit-8-kms-1-768x404.jpg 768w, https:\/\/bibliotheque.ovh\/wp-content\/uploads\/2025\/03\/image_1342234_20240705_ob_684911_roucamps-nuit-8-kms-1-1536x807.jpg 1536w, https:\/\/bibliotheque.ovh\/wp-content\/uploads\/2025\/03\/image_1342234_20240705_ob_684911_roucamps-nuit-8-kms-1.jpg 1575w\" sizes=\"(max-width: 1024px) 100vw, 1024px\" \/><\/figure>\n<\/figure>\n\n\n\n<p><\/p>\n","protected":false},"excerpt":{"rendered":"<p>Pour cette nouvelle rando estivale, 42 randonneurs avaient r\u00e9pondupr\u00e9sent sous le soleil couchant de Roucamps.Apr\u00e8s quelques recommandations d\u2019usage (tiques et s\u00e9curit\u00e9), nous avonslong\u00e9 la sente entre la mairie et l\u2019\u00e9glise, puis nous nous sommes dirig\u00e9s vers le moulin de Roucamps, sur le Plessis-Grimoult. Par plusieurs chemins \u00e0 flanc de colline nous cheminons vers le Postil.Nous montons la voie romaine Jublains\/Bayeux. Sur le fa\u00eete nousplongeons vers Courtilbert. Arriv\u00e9s aux champs, sur la gauche, ce chemin surle territoire d\u2019Aunay, remonte au haut des Bois d\u2019Aunay. Par la route de StC\u00e9lerin, le premier chemin permet de revenir au Mauny.Nous continuons \u00e0 l\u2019arri\u00e8re des propri\u00e9t\u00e9s pour d\u00e9boucher devant l\u2019\u00e9glise.Le passage pi\u00e9ton et la sente initiale ach\u00e8vent ce p\u00e9riple de 8 kms, autintement de la cloche sonnant 22h00.Une \u00ab\u00a0collation\u00a0\u00bb ponctue cette premi\u00e8re estivale.<\/p>\n","protected":false},"author":1,"featured_media":0,"parent":0,"menu_order":0,"comment_status":"closed","ping_status":"closed","template":"","meta":{"footnotes":""},"class_list":["post-276","page","type-page","status-publish","hentry"],"_links":{"self":[{"href":"https:\/\/bibliotheque.ovh\/index.php?rest_route=\/wp\/v2\/pages\/276","targetHints":{"allow":["GET"]}}],"collection":[{"href":"https:\/\/bibliotheque.ovh\/index.php?rest_route=\/wp\/v2\/pages"}],"about":[{"href":"https:\/\/bibliotheque.ovh\/index.php?rest_route=\/wp\/v2\/types\/page"}],"author":[{"embeddable":true,"href":"https:\/\/bibliotheque.ovh\/index.php?rest_route=\/wp\/v2\/users\/1"}],"replies":[{"embeddable":true,"href":"https:\/\/bibliotheque.ovh\/index.php?rest_route=%2Fwp%2Fv2%2Fcomments&post=276"}],"version-history":[{"count":5,"href":"https:\/\/bibliotheque.ovh\/index.php?rest_route=\/wp\/v2\/pages\/276\/revisions"}],"predecessor-version":[{"id":709,"href":"https:\/\/bibliotheque.ovh\/index.php?rest_route=\/wp\/v2\/pages\/276\/revisions\/709"}],"wp:attachment":[{"href":"https:\/\/bibliotheque.ovh\/index.php?rest_route=%2Fwp%2Fv2%2Fmedia&parent=276"}],"curies":[{"name":"wp","href":"https:\/\/api.w.org\/{rel}","templated":true}]}}