{"id":302,"date":"2025-03-13T21:11:08","date_gmt":"2025-03-13T20:11:08","guid":{"rendered":"https:\/\/bibliotheque.ovh\/?page_id=302"},"modified":"2025-03-17T21:47:09","modified_gmt":"2025-03-17T20:47:09","slug":"randonnee-bauquay-1-8-24","status":"publish","type":"page","link":"https:\/\/bibliotheque.ovh\/?page_id=302","title":{"rendered":"Randonn\u00e9e Bauquay 1\/8\/24"},"content":{"rendered":"\n<p>Pour cette seconde sortie estivale de l\u2019ann\u00e9e sur les Monts d\u2019Aunay organis\u00e9e par les Randos du Plessis, 52 participants avaient r\u00e9pondu pr\u00e9sent \u00e0 Bauquay.<\/p>\n\n\n\n<p>Bauquay et non Beauquay : vient du mot latin \u00ab balc \u00bb, la craie, l\u2019argile. C\u2019est la seule commune des Monts d\u2019Aunay class\u00e9e g\u00e9ologiquement dans le bassin parisien, les autres se trouvant dans le massif armoricain.<\/p>\n\n\n\n<p>Par le chemin des Croix nous nous dirigeons vers les Monts, permettant d\u2019avoir une vue imprenable sur Aunay. Pr\u00e8s du moulin nous voulions rejoindre la Grande Coquerie, malheureusement ce chemin rural de Bauquay \u00e0 Aunay est obstru\u00e9 depuis quelques mois. Il permet de rejoindre la Lombarderie par la RD 214 pour remonter \u00e0 la Lande. Cette route depuis le moulin d\u2019Aunay offrant une s\u00e9curit\u00e9 limit\u00e9e, nous avons opt\u00e9 pour le chemin remontant \u00e0 la Lande.<\/p>\n\n\n\n<p>Une descente dans le chemin creux, puis passant devant l\u2019ancienne mairie, nous arrivons au Vloquier. Le retour s\u2019est effectu\u00e9 par l\u2019ancien chemin du Plessis-Grimoult \u00e0 Villers-Bocage.<\/p>\n\n\n\n<p>Un r\u00e9confort attendait les participants \u00e0 leur arriv\u00e9e avant la nuit, dans une douceur agr\u00e9able.<\/p>\n\n\n\n<figure class=\"wp-block-gallery has-nested-images columns-default is-cropped wp-block-gallery-1 is-layout-flex wp-block-gallery-is-layout-flex\"><\/figure>\n\n\n\n<figure class=\"wp-block-gallery has-nested-images columns-default is-cropped wp-block-gallery-2 is-layout-flex wp-block-gallery-is-layout-flex\">\n<figure class=\"wp-block-image size-large\"><img fetchpriority=\"high\" decoding=\"async\" width=\"1024\" height=\"768\" data-id=\"568\" src=\"https:\/\/bibliotheque.ovh\/wp-content\/uploads\/2025\/03\/image_1342234_20240802_ob_dfd84d_img-20240801-201104-1-1024x768.jpg\" alt=\"\" class=\"wp-image-568\" srcset=\"https:\/\/bibliotheque.ovh\/wp-content\/uploads\/2025\/03\/image_1342234_20240802_ob_dfd84d_img-20240801-201104-1-1024x768.jpg 1024w, https:\/\/bibliotheque.ovh\/wp-content\/uploads\/2025\/03\/image_1342234_20240802_ob_dfd84d_img-20240801-201104-1-300x225.jpg 300w, https:\/\/bibliotheque.ovh\/wp-content\/uploads\/2025\/03\/image_1342234_20240802_ob_dfd84d_img-20240801-201104-1-768x576.jpg 768w, https:\/\/bibliotheque.ovh\/wp-content\/uploads\/2025\/03\/image_1342234_20240802_ob_dfd84d_img-20240801-201104-1-1536x1152.jpg 1536w, https:\/\/bibliotheque.ovh\/wp-content\/uploads\/2025\/03\/image_1342234_20240802_ob_dfd84d_img-20240801-201104-1.jpg 1600w\" sizes=\"(max-width: 1024px) 100vw, 1024px\" \/><\/figure>\n\n\n\n<figure class=\"wp-block-image size-large\"><img decoding=\"async\" width=\"1024\" height=\"768\" data-id=\"567\" src=\"https:\/\/bibliotheque.ovh\/wp-content\/uploads\/2025\/03\/image_1342234_20240802_ob_de24e1_img-20240801-195804-1-1024x768.jpg\" alt=\"\" class=\"wp-image-567\" srcset=\"https:\/\/bibliotheque.ovh\/wp-content\/uploads\/2025\/03\/image_1342234_20240802_ob_de24e1_img-20240801-195804-1-1024x768.jpg 1024w, https:\/\/bibliotheque.ovh\/wp-content\/uploads\/2025\/03\/image_1342234_20240802_ob_de24e1_img-20240801-195804-1-300x225.jpg 300w, https:\/\/bibliotheque.ovh\/wp-content\/uploads\/2025\/03\/image_1342234_20240802_ob_de24e1_img-20240801-195804-1-768x576.jpg 768w, https:\/\/bibliotheque.ovh\/wp-content\/uploads\/2025\/03\/image_1342234_20240802_ob_de24e1_img-20240801-195804-1-1536x1152.jpg 1536w, https:\/\/bibliotheque.ovh\/wp-content\/uploads\/2025\/03\/image_1342234_20240802_ob_de24e1_img-20240801-195804-1.jpg 1600w\" sizes=\"(max-width: 1024px) 100vw, 1024px\" \/><\/figure>\n\n\n\n<figure class=\"wp-block-image size-large\"><img decoding=\"async\" width=\"1024\" height=\"768\" data-id=\"566\" src=\"https:\/\/bibliotheque.ovh\/wp-content\/uploads\/2025\/03\/image_1342234_20240802_ob_da79ee_img-20240801-214033-1-1024x768.jpg\" alt=\"\" class=\"wp-image-566\" srcset=\"https:\/\/bibliotheque.ovh\/wp-content\/uploads\/2025\/03\/image_1342234_20240802_ob_da79ee_img-20240801-214033-1-1024x768.jpg 1024w, https:\/\/bibliotheque.ovh\/wp-content\/uploads\/2025\/03\/image_1342234_20240802_ob_da79ee_img-20240801-214033-1-300x225.jpg 300w, https:\/\/bibliotheque.ovh\/wp-content\/uploads\/2025\/03\/image_1342234_20240802_ob_da79ee_img-20240801-214033-1-768x576.jpg 768w, https:\/\/bibliotheque.ovh\/wp-content\/uploads\/2025\/03\/image_1342234_20240802_ob_da79ee_img-20240801-214033-1-1536x1152.jpg 1536w, https:\/\/bibliotheque.ovh\/wp-content\/uploads\/2025\/03\/image_1342234_20240802_ob_da79ee_img-20240801-214033-1.jpg 1600w\" sizes=\"(max-width: 1024px) 100vw, 1024px\" \/><\/figure>\n\n\n\n<figure class=\"wp-block-image size-large\"><img loading=\"lazy\" decoding=\"async\" width=\"1024\" height=\"768\" data-id=\"565\" src=\"https:\/\/bibliotheque.ovh\/wp-content\/uploads\/2025\/03\/image_1342234_20240802_ob_d12907_img-20240801-195807-1-1024x768.jpg\" alt=\"\" class=\"wp-image-565\" srcset=\"https:\/\/bibliotheque.ovh\/wp-content\/uploads\/2025\/03\/image_1342234_20240802_ob_d12907_img-20240801-195807-1-1024x768.jpg 1024w, https:\/\/bibliotheque.ovh\/wp-content\/uploads\/2025\/03\/image_1342234_20240802_ob_d12907_img-20240801-195807-1-300x225.jpg 300w, https:\/\/bibliotheque.ovh\/wp-content\/uploads\/2025\/03\/image_1342234_20240802_ob_d12907_img-20240801-195807-1-768x576.jpg 768w, https:\/\/bibliotheque.ovh\/wp-content\/uploads\/2025\/03\/image_1342234_20240802_ob_d12907_img-20240801-195807-1-1536x1152.jpg 1536w, https:\/\/bibliotheque.ovh\/wp-content\/uploads\/2025\/03\/image_1342234_20240802_ob_d12907_img-20240801-195807-1.jpg 1600w\" sizes=\"(max-width: 1024px) 100vw, 1024px\" \/><\/figure>\n\n\n\n<figure class=\"wp-block-image size-large\"><img loading=\"lazy\" decoding=\"async\" width=\"768\" height=\"1024\" data-id=\"563\" src=\"https:\/\/bibliotheque.ovh\/wp-content\/uploads\/2025\/03\/image_1342234_20240802_ob_8383d1_img-20240801-195557-1-768x1024.jpg\" alt=\"\" class=\"wp-image-563\" srcset=\"https:\/\/bibliotheque.ovh\/wp-content\/uploads\/2025\/03\/image_1342234_20240802_ob_8383d1_img-20240801-195557-1-768x1024.jpg 768w, https:\/\/bibliotheque.ovh\/wp-content\/uploads\/2025\/03\/image_1342234_20240802_ob_8383d1_img-20240801-195557-1-225x300.jpg 225w, https:\/\/bibliotheque.ovh\/wp-content\/uploads\/2025\/03\/image_1342234_20240802_ob_8383d1_img-20240801-195557-1-1152x1536.jpg 1152w, https:\/\/bibliotheque.ovh\/wp-content\/uploads\/2025\/03\/image_1342234_20240802_ob_8383d1_img-20240801-195557-1.jpg 1200w\" sizes=\"(max-width: 768px) 100vw, 768px\" \/><\/figure>\n\n\n\n<figure class=\"wp-block-image size-large\"><img loading=\"lazy\" decoding=\"async\" width=\"1024\" height=\"768\" data-id=\"562\" src=\"https:\/\/bibliotheque.ovh\/wp-content\/uploads\/2025\/03\/image_1342234_20240802_ob_37bc1c_img-20240801-205910-1-1024x768.jpg\" alt=\"\" class=\"wp-image-562\" srcset=\"https:\/\/bibliotheque.ovh\/wp-content\/uploads\/2025\/03\/image_1342234_20240802_ob_37bc1c_img-20240801-205910-1-1024x768.jpg 1024w, https:\/\/bibliotheque.ovh\/wp-content\/uploads\/2025\/03\/image_1342234_20240802_ob_37bc1c_img-20240801-205910-1-300x225.jpg 300w, https:\/\/bibliotheque.ovh\/wp-content\/uploads\/2025\/03\/image_1342234_20240802_ob_37bc1c_img-20240801-205910-1-768x576.jpg 768w, https:\/\/bibliotheque.ovh\/wp-content\/uploads\/2025\/03\/image_1342234_20240802_ob_37bc1c_img-20240801-205910-1-1536x1152.jpg 1536w, https:\/\/bibliotheque.ovh\/wp-content\/uploads\/2025\/03\/image_1342234_20240802_ob_37bc1c_img-20240801-205910-1.jpg 1600w\" sizes=\"(max-width: 1024px) 100vw, 1024px\" \/><\/figure>\n\n\n\n<figure class=\"wp-block-image size-large\"><img loading=\"lazy\" decoding=\"async\" width=\"1024\" height=\"769\" data-id=\"561\" src=\"https:\/\/bibliotheque.ovh\/wp-content\/uploads\/2025\/03\/image_1342234_20240802_ob_1cc6ff_img-20240801-204105-1-1-1024x769.jpg\" alt=\"\" class=\"wp-image-561\" srcset=\"https:\/\/bibliotheque.ovh\/wp-content\/uploads\/2025\/03\/image_1342234_20240802_ob_1cc6ff_img-20240801-204105-1-1-1024x769.jpg 1024w, https:\/\/bibliotheque.ovh\/wp-content\/uploads\/2025\/03\/image_1342234_20240802_ob_1cc6ff_img-20240801-204105-1-1-300x225.jpg 300w, https:\/\/bibliotheque.ovh\/wp-content\/uploads\/2025\/03\/image_1342234_20240802_ob_1cc6ff_img-20240801-204105-1-1-768x577.jpg 768w, https:\/\/bibliotheque.ovh\/wp-content\/uploads\/2025\/03\/image_1342234_20240802_ob_1cc6ff_img-20240801-204105-1-1-1536x1154.jpg 1536w, https:\/\/bibliotheque.ovh\/wp-content\/uploads\/2025\/03\/image_1342234_20240802_ob_1cc6ff_img-20240801-204105-1-1.jpg 1600w\" sizes=\"(max-width: 1024px) 100vw, 1024px\" \/><\/figure>\n\n\n\n<figure class=\"wp-block-image size-large\"><img loading=\"lazy\" decoding=\"async\" width=\"1024\" height=\"725\" data-id=\"564\" src=\"https:\/\/bibliotheque.ovh\/wp-content\/uploads\/2025\/03\/image_1342234_20240802_ob_61674a_bauquay-nuit-1-1-1024x725.jpg\" alt=\"\" class=\"wp-image-564\" srcset=\"https:\/\/bibliotheque.ovh\/wp-content\/uploads\/2025\/03\/image_1342234_20240802_ob_61674a_bauquay-nuit-1-1-1024x725.jpg 1024w, https:\/\/bibliotheque.ovh\/wp-content\/uploads\/2025\/03\/image_1342234_20240802_ob_61674a_bauquay-nuit-1-1-300x212.jpg 300w, https:\/\/bibliotheque.ovh\/wp-content\/uploads\/2025\/03\/image_1342234_20240802_ob_61674a_bauquay-nuit-1-1-768x544.jpg 768w, https:\/\/bibliotheque.ovh\/wp-content\/uploads\/2025\/03\/image_1342234_20240802_ob_61674a_bauquay-nuit-1-1-1536x1088.jpg 1536w, https:\/\/bibliotheque.ovh\/wp-content\/uploads\/2025\/03\/image_1342234_20240802_ob_61674a_bauquay-nuit-1-1.jpg 1600w\" sizes=\"(max-width: 1024px) 100vw, 1024px\" \/><\/figure>\n<\/figure>\n","protected":false},"excerpt":{"rendered":"<p>Pour cette seconde sortie estivale de l\u2019ann\u00e9e sur les Monts d\u2019Aunay organis\u00e9e par les Randos du Plessis, 52 participants avaient r\u00e9pondu pr\u00e9sent \u00e0 Bauquay. Bauquay et non Beauquay : vient du mot latin \u00ab balc \u00bb, la craie, l\u2019argile. C\u2019est la seule commune des Monts d\u2019Aunay class\u00e9e g\u00e9ologiquement dans le bassin parisien, les autres se trouvant dans le massif armoricain. Par le chemin des Croix nous nous dirigeons vers les Monts, permettant d\u2019avoir une vue imprenable sur Aunay. Pr\u00e8s du moulin nous voulions rejoindre la Grande Coquerie, malheureusement ce chemin rural de Bauquay \u00e0 Aunay est obstru\u00e9 depuis quelques mois. Il permet de rejoindre la Lombarderie par la RD 214 pour remonter \u00e0 la Lande. Cette route depuis le moulin d\u2019Aunay offrant une s\u00e9curit\u00e9 limit\u00e9e, nous avons opt\u00e9 pour le chemin remontant \u00e0 la Lande. Une descente dans le chemin creux, puis passant devant l\u2019ancienne mairie, nous arrivons au Vloquier. Le retour s\u2019est effectu\u00e9 par l\u2019ancien chemin du Plessis-Grimoult \u00e0 Villers-Bocage. Un r\u00e9confort attendait les participants \u00e0 leur arriv\u00e9e avant la nuit, dans une douceur agr\u00e9able.<\/p>\n","protected":false},"author":1,"featured_media":0,"parent":0,"menu_order":0,"comment_status":"closed","ping_status":"closed","template":"","meta":{"footnotes":""},"class_list":["post-302","page","type-page","status-publish","hentry"],"_links":{"self":[{"href":"https:\/\/bibliotheque.ovh\/index.php?rest_route=\/wp\/v2\/pages\/302","targetHints":{"allow":["GET"]}}],"collection":[{"href":"https:\/\/bibliotheque.ovh\/index.php?rest_route=\/wp\/v2\/pages"}],"about":[{"href":"https:\/\/bibliotheque.ovh\/index.php?rest_route=\/wp\/v2\/types\/page"}],"author":[{"embeddable":true,"href":"https:\/\/bibliotheque.ovh\/index.php?rest_route=\/wp\/v2\/users\/1"}],"replies":[{"embeddable":true,"href":"https:\/\/bibliotheque.ovh\/index.php?rest_route=%2Fwp%2Fv2%2Fcomments&post=302"}],"version-history":[{"count":21,"href":"https:\/\/bibliotheque.ovh\/index.php?rest_route=\/wp\/v2\/pages\/302\/revisions"}],"predecessor-version":[{"id":590,"href":"https:\/\/bibliotheque.ovh\/index.php?rest_route=\/wp\/v2\/pages\/302\/revisions\/590"}],"wp:attachment":[{"href":"https:\/\/bibliotheque.ovh\/index.php?rest_route=%2Fwp%2Fv2%2Fmedia&parent=302"}],"curies":[{"name":"wp","href":"https:\/\/api.w.org\/{rel}","templated":true}]}}