{"id":305,"date":"2025-03-13T21:16:23","date_gmt":"2025-03-13T20:16:23","guid":{"rendered":"https:\/\/bibliotheque.ovh\/?page_id=305"},"modified":"2025-04-08T21:05:15","modified_gmt":"2025-04-08T19:05:15","slug":"randonnee-du-patrimoine-aunay-sur-odon-1-9-24","status":"publish","type":"page","link":"https:\/\/bibliotheque.ovh\/?page_id=305","title":{"rendered":"Randonn\u00e9e du patrimoine \u00e0 Aunay sur Odon 1\/9\/24"},"content":{"rendered":"\t\t<div data-elementor-type=\"wp-page\" data-elementor-id=\"305\" class=\"elementor elementor-305\">\n\t\t\t\t<div class=\"elementor-element elementor-element-40161816 e-flex e-con-boxed wpr-particle-no wpr-jarallax-no wpr-parallax-no wpr-sticky-section-no e-con e-parent\" data-id=\"40161816\" data-element_type=\"container\">\n\t\t\t\t\t<div class=\"e-con-inner\">\n\t\t\t\t<div class=\"elementor-element elementor-element-4c1e06f9 elementor-widget elementor-widget-text-editor\" data-id=\"4c1e06f9\" data-element_type=\"widget\" data-widget_type=\"text-editor.default\">\n\t\t\t\t<div class=\"elementor-widget-container\">\n\t\t\t\t\t\t\t\t\t<p><\/p>\n<p>Pour cette rando du patrimoine nous \u00e9tions 32 au d\u00e9part de la salle des f\u00eates d\u2019Aunay. Par les chemins secs et ombrag\u00e9s nous partons vers le Lozion puis montons au Hamel aux Pi\u00e8tres (et non aux Pr\u00eatres, qui pourrait donner confusion avec la construction de l\u2019abbaye primitive) ; le cadastre de 1811 indique Hamel aux Pi\u00e8tres, r\u00e9sidence de la famille Lepi\u00e8tre, famille connue au moyen-\u00e2ge.<\/p>\n<p><\/p>\n<p>Au Petit Pied du Bois nous nous arr\u00eatons devant l\u2019ancienne forteresse d\u2019Aunay. Nous distinguons parfaitement les contours de cette ancienne motte castrale\/f\u00e9odale, m\u00eame si les talus et foss\u00e9s ont \u00e9t\u00e9 aplanis pour permettre l\u2019exploitation agricole (vid\u00e9o).<\/p>\n<p><\/p>\n<p>Nous repartons vers la route de Vire, pour plonger \u00e0 l\u2019\u00e9tang de la Butte walsoux. \u00c9tang artificiel cr\u00e9\u00e9 par l\u2019exploitation de la carri\u00e8re ; les pierres ont servi entre autres \u00e0 la construction de l\u2019abbaye. Les pr\u00e9mices de cette abbaye sont l\u2019\u00e9rection d\u2019une chapelle r\u00e9pondant au vocable de Ste Trinit\u00e9, sise au bord du ruisseau, entre le manoir de Sous le Bosc et donc l\u2019emplacement d\u00e9finitif. Par ce ruisseau l\u2019eau potable alimentait l\u2019abbaye par d\u00e9clivit\u00e9, dans un aqueduc couvert.<\/p>\n<p><\/p>\n<p>Avec l\u2019aimable autorisation des propri\u00e9taires nous visitons les ext\u00e9rieurs, fortement modifi\u00e9s apr\u00e8s la R\u00e9volution avec l\u2019implantation d\u2019usines (vid\u00e9o).<\/p>\n<p><\/p>\n<p>Retour par le chemin \u00e0 l\u2019arri\u00e8re de la brasserie avec en point d\u2019orgue la traditionnelle collation, bien m\u00e9rit\u00e9e apr\u00e8s ce p\u00e9riple de 8 kms.<\/p>\n<p><\/p>\n<figure class=\"wp-block-gallery has-nested-images columns-default is-cropped wp-block-gallery-2 is-layout-flex wp-block-gallery-is-layout-flex\"><p><\/p>\n<figure class=\"wp-block-image size-large\"><img fetchpriority=\"high\" decoding=\"async\" width=\"1024\" height=\"768\" data-id=\"301\" class=\"wp-image-301\" src=\"https:\/\/bibliotheque.ovh\/wp-content\/uploads\/2025\/03\/image_1342234_20240901_ob_fb22b3_img-20240831-155139-1024x768.jpg\" alt=\"\" srcset=\"https:\/\/bibliotheque.ovh\/wp-content\/uploads\/2025\/03\/image_1342234_20240901_ob_fb22b3_img-20240831-155139-1024x768.jpg 1024w, https:\/\/bibliotheque.ovh\/wp-content\/uploads\/2025\/03\/image_1342234_20240901_ob_fb22b3_img-20240831-155139-300x225.jpg 300w, https:\/\/bibliotheque.ovh\/wp-content\/uploads\/2025\/03\/image_1342234_20240901_ob_fb22b3_img-20240831-155139-768x576.jpg 768w, https:\/\/bibliotheque.ovh\/wp-content\/uploads\/2025\/03\/image_1342234_20240901_ob_fb22b3_img-20240831-155139-1536x1152.jpg 1536w, https:\/\/bibliotheque.ovh\/wp-content\/uploads\/2025\/03\/image_1342234_20240901_ob_fb22b3_img-20240831-155139.jpg 1600w\" sizes=\"(max-width: 1024px) 100vw, 1024px\" \/><\/figure>\n<p><\/p>\n<figure class=\"wp-block-image size-large\"><img decoding=\"async\" width=\"1024\" height=\"768\" data-id=\"300\" class=\"wp-image-300\" src=\"https:\/\/bibliotheque.ovh\/wp-content\/uploads\/2025\/03\/image_1342234_20240901_ob_f2504e_img-20240831-143806-1024x768.jpg\" alt=\"\" srcset=\"https:\/\/bibliotheque.ovh\/wp-content\/uploads\/2025\/03\/image_1342234_20240901_ob_f2504e_img-20240831-143806-1024x768.jpg 1024w, https:\/\/bibliotheque.ovh\/wp-content\/uploads\/2025\/03\/image_1342234_20240901_ob_f2504e_img-20240831-143806-300x225.jpg 300w, https:\/\/bibliotheque.ovh\/wp-content\/uploads\/2025\/03\/image_1342234_20240901_ob_f2504e_img-20240831-143806-768x576.jpg 768w, https:\/\/bibliotheque.ovh\/wp-content\/uploads\/2025\/03\/image_1342234_20240901_ob_f2504e_img-20240831-143806-1536x1152.jpg 1536w, https:\/\/bibliotheque.ovh\/wp-content\/uploads\/2025\/03\/image_1342234_20240901_ob_f2504e_img-20240831-143806.jpg 1600w\" sizes=\"(max-width: 1024px) 100vw, 1024px\" \/><\/figure>\n<p><\/p>\n<figure class=\"wp-block-image size-large\"><img decoding=\"async\" width=\"1024\" height=\"768\" data-id=\"299\" class=\"wp-image-299\" src=\"https:\/\/bibliotheque.ovh\/wp-content\/uploads\/2025\/03\/image_1342234_20240901_ob_e20e52_img-20240831-154145-1024x768.jpg\" alt=\"\" srcset=\"https:\/\/bibliotheque.ovh\/wp-content\/uploads\/2025\/03\/image_1342234_20240901_ob_e20e52_img-20240831-154145-1024x768.jpg 1024w, https:\/\/bibliotheque.ovh\/wp-content\/uploads\/2025\/03\/image_1342234_20240901_ob_e20e52_img-20240831-154145-300x225.jpg 300w, https:\/\/bibliotheque.ovh\/wp-content\/uploads\/2025\/03\/image_1342234_20240901_ob_e20e52_img-20240831-154145-768x576.jpg 768w, https:\/\/bibliotheque.ovh\/wp-content\/uploads\/2025\/03\/image_1342234_20240901_ob_e20e52_img-20240831-154145-1536x1152.jpg 1536w, https:\/\/bibliotheque.ovh\/wp-content\/uploads\/2025\/03\/image_1342234_20240901_ob_e20e52_img-20240831-154145.jpg 1600w\" sizes=\"(max-width: 1024px) 100vw, 1024px\" \/><\/figure>\n<p><\/p>\n<figure class=\"wp-block-image size-large\"><img loading=\"lazy\" decoding=\"async\" width=\"1024\" height=\"768\" data-id=\"298\" class=\"wp-image-298\" src=\"https:\/\/bibliotheque.ovh\/wp-content\/uploads\/2025\/03\/image_1342234_20240901_ob_de5a13_img-20240831-141849-1024x768.jpg\" alt=\"\" srcset=\"https:\/\/bibliotheque.ovh\/wp-content\/uploads\/2025\/03\/image_1342234_20240901_ob_de5a13_img-20240831-141849-1024x768.jpg 1024w, https:\/\/bibliotheque.ovh\/wp-content\/uploads\/2025\/03\/image_1342234_20240901_ob_de5a13_img-20240831-141849-300x225.jpg 300w, https:\/\/bibliotheque.ovh\/wp-content\/uploads\/2025\/03\/image_1342234_20240901_ob_de5a13_img-20240831-141849-768x576.jpg 768w, https:\/\/bibliotheque.ovh\/wp-content\/uploads\/2025\/03\/image_1342234_20240901_ob_de5a13_img-20240831-141849-1536x1152.jpg 1536w, https:\/\/bibliotheque.ovh\/wp-content\/uploads\/2025\/03\/image_1342234_20240901_ob_de5a13_img-20240831-141849.jpg 1600w\" sizes=\"(max-width: 1024px) 100vw, 1024px\" \/><\/figure>\n<p><\/p>\n<figure class=\"wp-block-image size-large\"><img loading=\"lazy\" decoding=\"async\" width=\"1024\" height=\"768\" data-id=\"296\" class=\"wp-image-296\" src=\"https:\/\/bibliotheque.ovh\/wp-content\/uploads\/2025\/03\/image_1342234_20240901_ob_bde146_img-20240831-142427-1024x768.jpg\" alt=\"\" srcset=\"https:\/\/bibliotheque.ovh\/wp-content\/uploads\/2025\/03\/image_1342234_20240901_ob_bde146_img-20240831-142427-1024x768.jpg 1024w, https:\/\/bibliotheque.ovh\/wp-content\/uploads\/2025\/03\/image_1342234_20240901_ob_bde146_img-20240831-142427-300x225.jpg 300w, https:\/\/bibliotheque.ovh\/wp-content\/uploads\/2025\/03\/image_1342234_20240901_ob_bde146_img-20240831-142427-768x576.jpg 768w, https:\/\/bibliotheque.ovh\/wp-content\/uploads\/2025\/03\/image_1342234_20240901_ob_bde146_img-20240831-142427-1536x1152.jpg 1536w, https:\/\/bibliotheque.ovh\/wp-content\/uploads\/2025\/03\/image_1342234_20240901_ob_bde146_img-20240831-142427.jpg 1600w\" sizes=\"(max-width: 1024px) 100vw, 1024px\" \/><\/figure>\n<p><\/p>\n<figure class=\"wp-block-image size-large\"><img loading=\"lazy\" decoding=\"async\" width=\"1024\" height=\"768\" data-id=\"295\" class=\"wp-image-295\" src=\"https:\/\/bibliotheque.ovh\/wp-content\/uploads\/2025\/03\/image_1342234_20240901_ob_b6d218_img-20240831-154304-1024x768.jpg\" alt=\"\" srcset=\"https:\/\/bibliotheque.ovh\/wp-content\/uploads\/2025\/03\/image_1342234_20240901_ob_b6d218_img-20240831-154304-1024x768.jpg 1024w, https:\/\/bibliotheque.ovh\/wp-content\/uploads\/2025\/03\/image_1342234_20240901_ob_b6d218_img-20240831-154304-300x225.jpg 300w, https:\/\/bibliotheque.ovh\/wp-content\/uploads\/2025\/03\/image_1342234_20240901_ob_b6d218_img-20240831-154304-768x576.jpg 768w, https:\/\/bibliotheque.ovh\/wp-content\/uploads\/2025\/03\/image_1342234_20240901_ob_b6d218_img-20240831-154304-1536x1152.jpg 1536w, https:\/\/bibliotheque.ovh\/wp-content\/uploads\/2025\/03\/image_1342234_20240901_ob_b6d218_img-20240831-154304.jpg 1600w\" sizes=\"(max-width: 1024px) 100vw, 1024px\" \/><\/figure>\n<p><\/p>\n<figure class=\"wp-block-image size-large\"><img loading=\"lazy\" decoding=\"async\" width=\"1024\" height=\"768\" data-id=\"294\" class=\"wp-image-294\" src=\"https:\/\/bibliotheque.ovh\/wp-content\/uploads\/2025\/03\/image_1342234_20240901_ob_149580_img-20240831-160026-1024x768.jpg\" alt=\"\" srcset=\"https:\/\/bibliotheque.ovh\/wp-content\/uploads\/2025\/03\/image_1342234_20240901_ob_149580_img-20240831-160026-1024x768.jpg 1024w, https:\/\/bibliotheque.ovh\/wp-content\/uploads\/2025\/03\/image_1342234_20240901_ob_149580_img-20240831-160026-300x225.jpg 300w, https:\/\/bibliotheque.ovh\/wp-content\/uploads\/2025\/03\/image_1342234_20240901_ob_149580_img-20240831-160026-768x576.jpg 768w, https:\/\/bibliotheque.ovh\/wp-content\/uploads\/2025\/03\/image_1342234_20240901_ob_149580_img-20240831-160026-1536x1152.jpg 1536w, https:\/\/bibliotheque.ovh\/wp-content\/uploads\/2025\/03\/image_1342234_20240901_ob_149580_img-20240831-160026.jpg 1600w\" sizes=\"(max-width: 1024px) 100vw, 1024px\" \/><\/figure>\n<p><\/p>\n<figure class=\"wp-block-image size-large\"><img loading=\"lazy\" decoding=\"async\" width=\"1024\" height=\"768\" data-id=\"293\" class=\"wp-image-293\" src=\"https:\/\/bibliotheque.ovh\/wp-content\/uploads\/2025\/03\/image_1342234_20240901_ob_013891_img-20240831-143649-1024x768.jpg\" alt=\"\" srcset=\"https:\/\/bibliotheque.ovh\/wp-content\/uploads\/2025\/03\/image_1342234_20240901_ob_013891_img-20240831-143649-1024x768.jpg 1024w, https:\/\/bibliotheque.ovh\/wp-content\/uploads\/2025\/03\/image_1342234_20240901_ob_013891_img-20240831-143649-300x225.jpg 300w, https:\/\/bibliotheque.ovh\/wp-content\/uploads\/2025\/03\/image_1342234_20240901_ob_013891_img-20240831-143649-768x576.jpg 768w, https:\/\/bibliotheque.ovh\/wp-content\/uploads\/2025\/03\/image_1342234_20240901_ob_013891_img-20240831-143649-1536x1152.jpg 1536w, https:\/\/bibliotheque.ovh\/wp-content\/uploads\/2025\/03\/image_1342234_20240901_ob_013891_img-20240831-143649.jpg 1600w\" sizes=\"(max-width: 1024px) 100vw, 1024px\" \/><\/figure>\n<p><\/p>\n<figure class=\"wp-block-image size-large\"><img loading=\"lazy\" decoding=\"async\" width=\"1024\" height=\"768\" data-id=\"289\" class=\"wp-image-289\" src=\"https:\/\/bibliotheque.ovh\/wp-content\/uploads\/2025\/03\/71hOyNnLsL._SL1286_-1-1024x768.jpg\" alt=\"\" srcset=\"https:\/\/bibliotheque.ovh\/wp-content\/uploads\/2025\/03\/71hOyNnLsL._SL1286_-1-1024x768.jpg 1024w, https:\/\/bibliotheque.ovh\/wp-content\/uploads\/2025\/03\/71hOyNnLsL._SL1286_-1-300x225.jpg 300w, https:\/\/bibliotheque.ovh\/wp-content\/uploads\/2025\/03\/71hOyNnLsL._SL1286_-1-768x576.jpg 768w, https:\/\/bibliotheque.ovh\/wp-content\/uploads\/2025\/03\/71hOyNnLsL._SL1286_-1-1536x1152.jpg 1536w, https:\/\/bibliotheque.ovh\/wp-content\/uploads\/2025\/03\/71hOyNnLsL._SL1286_-1.jpg 1600w\" sizes=\"(max-width: 1024px) 100vw, 1024px\" \/><\/figure>\n<p><\/p>\n<figure class=\"wp-block-image size-large\"><img loading=\"lazy\" decoding=\"async\" width=\"1024\" height=\"768\" data-id=\"290\" class=\"wp-image-290\" src=\"https:\/\/bibliotheque.ovh\/wp-content\/uploads\/2025\/03\/image_1342234_20240901_ob_3a4515_img-20240831-141056-1024x768.jpg\" alt=\"\" srcset=\"https:\/\/bibliotheque.ovh\/wp-content\/uploads\/2025\/03\/image_1342234_20240901_ob_3a4515_img-20240831-141056-1024x768.jpg 1024w, https:\/\/bibliotheque.ovh\/wp-content\/uploads\/2025\/03\/image_1342234_20240901_ob_3a4515_img-20240831-141056-300x225.jpg 300w, https:\/\/bibliotheque.ovh\/wp-content\/uploads\/2025\/03\/image_1342234_20240901_ob_3a4515_img-20240831-141056-768x576.jpg 768w, https:\/\/bibliotheque.ovh\/wp-content\/uploads\/2025\/03\/image_1342234_20240901_ob_3a4515_img-20240831-141056-1536x1152.jpg 1536w, https:\/\/bibliotheque.ovh\/wp-content\/uploads\/2025\/03\/image_1342234_20240901_ob_3a4515_img-20240831-141056.jpg 1600w\" sizes=\"(max-width: 1024px) 100vw, 1024px\" \/><\/figure>\n<p><\/p>\n<figure class=\"wp-block-image size-large\"><img loading=\"lazy\" decoding=\"async\" width=\"1024\" height=\"768\" data-id=\"291\" class=\"wp-image-291\" src=\"https:\/\/bibliotheque.ovh\/wp-content\/uploads\/2025\/03\/image_1342234_20240901_ob_7db3d6_img-20240831-153622-1024x768.jpg\" alt=\"\" srcset=\"https:\/\/bibliotheque.ovh\/wp-content\/uploads\/2025\/03\/image_1342234_20240901_ob_7db3d6_img-20240831-153622-1024x768.jpg 1024w, https:\/\/bibliotheque.ovh\/wp-content\/uploads\/2025\/03\/image_1342234_20240901_ob_7db3d6_img-20240831-153622-300x225.jpg 300w, https:\/\/bibliotheque.ovh\/wp-content\/uploads\/2025\/03\/image_1342234_20240901_ob_7db3d6_img-20240831-153622-768x576.jpg 768w, https:\/\/bibliotheque.ovh\/wp-content\/uploads\/2025\/03\/image_1342234_20240901_ob_7db3d6_img-20240831-153622-1536x1152.jpg 1536w, https:\/\/bibliotheque.ovh\/wp-content\/uploads\/2025\/03\/image_1342234_20240901_ob_7db3d6_img-20240831-153622.jpg 1600w\" sizes=\"(max-width: 1024px) 100vw, 1024px\" \/><\/figure>\n<p><\/p>\n<figure class=\"wp-block-image size-large\"><img loading=\"lazy\" decoding=\"async\" width=\"1024\" height=\"768\" data-id=\"292\" class=\"wp-image-292\" src=\"https:\/\/bibliotheque.ovh\/wp-content\/uploads\/2025\/03\/image_1342234_20240901_ob_717cd6_img-20240831-153639-1024x768.jpg\" alt=\"\" srcset=\"https:\/\/bibliotheque.ovh\/wp-content\/uploads\/2025\/03\/image_1342234_20240901_ob_717cd6_img-20240831-153639-1024x768.jpg 1024w, https:\/\/bibliotheque.ovh\/wp-content\/uploads\/2025\/03\/image_1342234_20240901_ob_717cd6_img-20240831-153639-300x225.jpg 300w, https:\/\/bibliotheque.ovh\/wp-content\/uploads\/2025\/03\/image_1342234_20240901_ob_717cd6_img-20240831-153639-768x576.jpg 768w, https:\/\/bibliotheque.ovh\/wp-content\/uploads\/2025\/03\/image_1342234_20240901_ob_717cd6_img-20240831-153639-1536x1152.jpg 1536w, https:\/\/bibliotheque.ovh\/wp-content\/uploads\/2025\/03\/image_1342234_20240901_ob_717cd6_img-20240831-153639.jpg 1600w\" sizes=\"(max-width: 1024px) 100vw, 1024px\" \/><\/figure>\n<p><\/p>\n<figure class=\"wp-block-image size-large\"><img loading=\"lazy\" decoding=\"async\" width=\"999\" height=\"508\" data-id=\"297\" class=\"wp-image-297\" src=\"https:\/\/bibliotheque.ovh\/wp-content\/uploads\/2025\/03\/image_1342234_20240901_ob_dc3d26_capture-d-ecran-2024-09-01-102445.png\" alt=\"\" srcset=\"https:\/\/bibliotheque.ovh\/wp-content\/uploads\/2025\/03\/image_1342234_20240901_ob_dc3d26_capture-d-ecran-2024-09-01-102445.png 999w, https:\/\/bibliotheque.ovh\/wp-content\/uploads\/2025\/03\/image_1342234_20240901_ob_dc3d26_capture-d-ecran-2024-09-01-102445-300x153.png 300w, https:\/\/bibliotheque.ovh\/wp-content\/uploads\/2025\/03\/image_1342234_20240901_ob_dc3d26_capture-d-ecran-2024-09-01-102445-768x391.png 768w\" sizes=\"(max-width: 999px) 100vw, 999px\" \/><\/figure>\n<p><\/p><\/figure>\n<p><\/p>\n<figure class=\"wp-block-embed is-type-video is-provider-youtube wp-block-embed-youtube wp-embed-aspect-16-9 wp-has-aspect-ratio\">\n<div class=\"wp-block-embed__wrapper\">https:\/\/youtu.be\/IexMc2E6HVw<\/div>\n<\/figure>\n<p><\/p>\n<figure class=\"wp-block-embed is-type-video is-provider-youtube wp-block-embed-youtube wp-embed-aspect-16-9 wp-has-aspect-ratio\">\n<div class=\"wp-block-embed__wrapper\">https:\/\/youtu.be\/Zme6s11jpS8<\/div>\n<\/figure>\n<p><\/p>\t\t\t\t\t\t\t\t<\/div>\n\t\t\t\t<\/div>\n\t\t\t\t\t<\/div>\n\t\t\t\t<\/div>\n\t\t\t\t<\/div>\n\t\t","protected":false},"excerpt":{"rendered":"<p>Pour cette rando du patrimoine nous \u00e9tions 32 au d\u00e9part de la salle des f\u00eates d\u2019Aunay. Par les chemins secs et ombrag\u00e9s nous partons vers le Lozion puis montons au Hamel aux Pi\u00e8tres (et non aux Pr\u00eatres, qui pourrait donner confusion avec la construction de l\u2019abbaye primitive) ; le cadastre de 1811 indique Hamel aux Pi\u00e8tres, r\u00e9sidence de la famille Lepi\u00e8tre, famille connue au moyen-\u00e2ge. Au Petit Pied du Bois nous nous arr\u00eatons devant l\u2019ancienne forteresse d\u2019Aunay. Nous distinguons parfaitement les contours de cette ancienne motte castrale\/f\u00e9odale, m\u00eame si les talus et foss\u00e9s ont \u00e9t\u00e9 aplanis pour permettre l\u2019exploitation agricole (vid\u00e9o). Nous repartons vers la route de Vire, pour plonger \u00e0 l\u2019\u00e9tang de la Butte walsoux. \u00c9tang artificiel cr\u00e9\u00e9 par l\u2019exploitation de la carri\u00e8re ; les pierres ont servi entre autres \u00e0 la construction de l\u2019abbaye. Les pr\u00e9mices de cette abbaye sont l\u2019\u00e9rection d\u2019une chapelle r\u00e9pondant au vocable de Ste Trinit\u00e9, sise au bord du ruisseau, entre le manoir de Sous le Bosc et donc l\u2019emplacement d\u00e9finitif. Par ce ruisseau l\u2019eau potable alimentait l\u2019abbaye par d\u00e9clivit\u00e9, dans un aqueduc couvert. Avec l\u2019aimable autorisation des propri\u00e9taires nous visitons les ext\u00e9rieurs, fortement modifi\u00e9s apr\u00e8s la R\u00e9volution avec l\u2019implantation d\u2019usines (vid\u00e9o). Retour par le chemin \u00e0 l\u2019arri\u00e8re de la brasserie avec en point d\u2019orgue la traditionnelle collation, bien m\u00e9rit\u00e9e apr\u00e8s ce p\u00e9riple de 8 kms.<\/p>\n","protected":false},"author":1,"featured_media":0,"parent":0,"menu_order":0,"comment_status":"closed","ping_status":"closed","template":"","meta":{"footnotes":""},"class_list":["post-305","page","type-page","status-publish","hentry"],"_links":{"self":[{"href":"https:\/\/bibliotheque.ovh\/index.php?rest_route=\/wp\/v2\/pages\/305","targetHints":{"allow":["GET"]}}],"collection":[{"href":"https:\/\/bibliotheque.ovh\/index.php?rest_route=\/wp\/v2\/pages"}],"about":[{"href":"https:\/\/bibliotheque.ovh\/index.php?rest_route=\/wp\/v2\/types\/page"}],"author":[{"embeddable":true,"href":"https:\/\/bibliotheque.ovh\/index.php?rest_route=\/wp\/v2\/users\/1"}],"replies":[{"embeddable":true,"href":"https:\/\/bibliotheque.ovh\/index.php?rest_route=%2Fwp%2Fv2%2Fcomments&post=305"}],"version-history":[{"count":9,"href":"https:\/\/bibliotheque.ovh\/index.php?rest_route=\/wp\/v2\/pages\/305\/revisions"}],"predecessor-version":[{"id":758,"href":"https:\/\/bibliotheque.ovh\/index.php?rest_route=\/wp\/v2\/pages\/305\/revisions\/758"}],"wp:attachment":[{"href":"https:\/\/bibliotheque.ovh\/index.php?rest_route=%2Fwp%2Fv2%2Fmedia&parent=305"}],"curies":[{"name":"wp","href":"https:\/\/api.w.org\/{rel}","templated":true}]}}