{"id":346,"date":"2025-03-13T21:49:32","date_gmt":"2025-03-13T20:49:32","guid":{"rendered":"https:\/\/bibliotheque.ovh\/?page_id=346"},"modified":"2025-04-03T21:33:23","modified_gmt":"2025-04-03T19:33:23","slug":"yves-boulland","status":"publish","type":"page","link":"https:\/\/bibliotheque.ovh\/?page_id=346","title":{"rendered":"Yves Boulland"},"content":{"rendered":"\n<p>Habitant du Plessis-Grimoult, Yves Boulland retrace le pass\u00e9 du village dans un livre, de la Pr\u00e9histoire \u00e0 la Reconstruction. Cet ouvrage, \u00ab\u00a0Notes d\u2019histoire illustr\u00e9es\u00a0\u00bb, est richement document\u00e9 avec plus de 120 photographies.<\/p>\n\n\n\n<p>Plus de 2000 ans d&rsquo;histoire en 300 pages racontent l&rsquo;\u00e9pop\u00e9e des habitants de la commune regroup\u00e9e des Monts d&rsquo;Aunay.<\/p>\n\n\n\n<p>De l&rsquo;occupation celtique, des romains et de leurs voies, de Grimoult du Plessis combattant Guillaume, du prieur\u00e9 avec son pr\u00e9 des neuf mois, de la guerre de cent ans \u00e0 la derni\u00e8re guerre avec son abri-usine et la bataille du Mt Pin\u00e7on sans omettre la chouannerie, de l&rsquo;implantation du relais de t\u00e9l\u00e9vision \u00e0 nos jours, retrouvez toute l&rsquo;histoire du Plessis-Grimoult.<\/p>\n\n\n\n<p>Le livre est disponible en biblioth\u00e8que \u00e0 la vente  ou en pr\u00eat.<\/p>\n\n\n\n<figure class=\"wp-block-gallery has-nested-images columns-default is-cropped wp-block-gallery-1 is-layout-flex wp-block-gallery-is-layout-flex\">\n<figure class=\"wp-block-image size-large\"><img fetchpriority=\"high\" decoding=\"async\" width=\"1024\" height=\"768\" data-id=\"344\" src=\"https:\/\/bibliotheque.ovh\/wp-content\/uploads\/2025\/03\/yves-1024x768.jpg\" alt=\"\" class=\"wp-image-344\" srcset=\"https:\/\/bibliotheque.ovh\/wp-content\/uploads\/2025\/03\/yves-1024x768.jpg 1024w, https:\/\/bibliotheque.ovh\/wp-content\/uploads\/2025\/03\/yves-300x225.jpg 300w, https:\/\/bibliotheque.ovh\/wp-content\/uploads\/2025\/03\/yves-768x576.jpg 768w, https:\/\/bibliotheque.ovh\/wp-content\/uploads\/2025\/03\/yves-1536x1152.jpg 1536w, https:\/\/bibliotheque.ovh\/wp-content\/uploads\/2025\/03\/yves.jpg 2048w\" sizes=\"(max-width: 1024px) 100vw, 1024px\" \/><\/figure>\n\n\n\n<figure class=\"wp-block-image size-large\"><img decoding=\"async\" width=\"650\" height=\"918\" data-id=\"345\" src=\"https:\/\/bibliotheque.ovh\/wp-content\/uploads\/2025\/03\/yves2.jpg\" alt=\"\" class=\"wp-image-345\" srcset=\"https:\/\/bibliotheque.ovh\/wp-content\/uploads\/2025\/03\/yves2.jpg 650w, https:\/\/bibliotheque.ovh\/wp-content\/uploads\/2025\/03\/yves2-212x300.jpg 212w\" sizes=\"(max-width: 650px) 100vw, 650px\" \/><\/figure>\n<\/figure>\n\n\n","protected":false},"excerpt":{"rendered":"<p>Habitant du Plessis-Grimoult, Yves Boulland retrace le pass\u00e9 du village dans un livre, de la Pr\u00e9histoire \u00e0 la Reconstruction. Cet ouvrage, \u00ab\u00a0Notes d\u2019histoire illustr\u00e9es\u00a0\u00bb, est richement document\u00e9 avec plus de 120 photographies. Plus de 2000 ans d&rsquo;histoire en 300 pages racontent l&rsquo;\u00e9pop\u00e9e des habitants de la commune regroup\u00e9e des Monts d&rsquo;Aunay. De l&rsquo;occupation celtique, des romains et de leurs voies, de Grimoult du Plessis combattant Guillaume, du prieur\u00e9 avec son pr\u00e9 des neuf mois, de la guerre de cent ans \u00e0 la derni\u00e8re guerre avec son abri-usine et la bataille du Mt Pin\u00e7on sans omettre la chouannerie, de l&rsquo;implantation du relais de t\u00e9l\u00e9vision \u00e0 nos jours, retrouvez toute l&rsquo;histoire du Plessis-Grimoult. Le livre est disponible en biblioth\u00e8que \u00e0 la vente ou en pr\u00eat.<\/p>\n","protected":false},"author":1,"featured_media":0,"parent":0,"menu_order":0,"comment_status":"closed","ping_status":"closed","template":"","meta":{"footnotes":""},"class_list":["post-346","page","type-page","status-publish","hentry"],"_links":{"self":[{"href":"https:\/\/bibliotheque.ovh\/index.php?rest_route=\/wp\/v2\/pages\/346","targetHints":{"allow":["GET"]}}],"collection":[{"href":"https:\/\/bibliotheque.ovh\/index.php?rest_route=\/wp\/v2\/pages"}],"about":[{"href":"https:\/\/bibliotheque.ovh\/index.php?rest_route=\/wp\/v2\/types\/page"}],"author":[{"embeddable":true,"href":"https:\/\/bibliotheque.ovh\/index.php?rest_route=\/wp\/v2\/users\/1"}],"replies":[{"embeddable":true,"href":"https:\/\/bibliotheque.ovh\/index.php?rest_route=%2Fwp%2Fv2%2Fcomments&post=346"}],"version-history":[{"count":4,"href":"https:\/\/bibliotheque.ovh\/index.php?rest_route=\/wp\/v2\/pages\/346\/revisions"}],"predecessor-version":[{"id":727,"href":"https:\/\/bibliotheque.ovh\/index.php?rest_route=\/wp\/v2\/pages\/346\/revisions\/727"}],"wp:attachment":[{"href":"https:\/\/bibliotheque.ovh\/index.php?rest_route=%2Fwp%2Fv2%2Fmedia&parent=346"}],"curies":[{"name":"wp","href":"https:\/\/api.w.org\/{rel}","templated":true}]}}