{"id":355,"date":"2025-03-13T22:10:41","date_gmt":"2025-03-13T21:10:41","guid":{"rendered":"https:\/\/bibliotheque.ovh\/?page_id=355"},"modified":"2025-04-09T20:26:37","modified_gmt":"2025-04-09T18:26:37","slug":"la-boutique","status":"publish","type":"page","link":"https:\/\/bibliotheque.ovh\/?page_id=355","title":{"rendered":"La boutique de \u00ab\u00a0Lire et loisirs au Plessis\u00a0\u00bb"},"content":{"rendered":"\t\t<div data-elementor-type=\"wp-page\" data-elementor-id=\"355\" class=\"elementor elementor-355\">\n\t\t\t\t<div class=\"elementor-element elementor-element-7035eda6 e-flex e-con-boxed wpr-particle-no wpr-jarallax-no wpr-parallax-no wpr-sticky-section-no e-con e-parent\" data-id=\"7035eda6\" data-element_type=\"container\">\n\t\t\t\t\t<div class=\"e-con-inner\">\n\t\t<div class=\"elementor-element elementor-element-281c97e6 e-con-full animated-fast e-flex wpr-particle-no wpr-jarallax-no wpr-parallax-no wpr-sticky-section-no elementor-invisible e-con e-child\" data-id=\"281c97e6\" data-element_type=\"container\" data-settings=\"{&quot;animation&quot;:&quot;fadeIn&quot;,&quot;animation_delay&quot;:500}\">\n\t\t\t\t<div class=\"elementor-element elementor-element-7539a616 elementor-widget elementor-widget-heading\" data-id=\"7539a616\" data-element_type=\"widget\" data-widget_type=\"heading.default\">\n\t\t\t\t<div class=\"elementor-widget-container\">\n\t\t\t\t\t<h1 class=\"elementor-heading-title elementor-size-default\">LA BOUTIQUE <\/h1>\t\t\t\t<\/div>\n\t\t\t\t<\/div>\n\t\t\t\t<div class=\"elementor-element elementor-element-9b27738 elementor-widget__width-initial elementor-widget elementor-widget-heading\" data-id=\"9b27738\" data-element_type=\"widget\" data-widget_type=\"heading.default\">\n\t\t\t\t<div class=\"elementor-widget-container\">\n\t\t\t\t\t<p class=\"elementor-heading-title elementor-size-default\">ARTICLES DISPONIBLES SUR PLACE<\/p>\t\t\t\t<\/div>\n\t\t\t\t<\/div>\n\t\t\t\t<\/div>\n\t\t\t\t\t<\/div>\n\t\t\t\t<\/div>\n\t\t<div class=\"elementor-element elementor-element-c779801 e-grid e-con-boxed wpr-particle-no wpr-jarallax-no wpr-parallax-no wpr-sticky-section-no e-con e-parent\" data-id=\"c779801\" data-element_type=\"container\">\n\t\t\t\t\t<div class=\"e-con-inner\">\n\t\t\t\t<div class=\"elementor-element elementor-element-9bb1735 elementor-widget elementor-widget-image\" data-id=\"9bb1735\" data-element_type=\"widget\" data-widget_type=\"image.default\">\n\t\t\t\t<div class=\"elementor-widget-container\">\n\t\t\t\t\t\t\t\t\t\t\t\t<figure class=\"wp-caption\">\n\t\t\t\t\t\t\t\t\t\t<img fetchpriority=\"high\" decoding=\"async\" width=\"650\" height=\"918\" src=\"https:\/\/bibliotheque.ovh\/wp-content\/uploads\/2025\/03\/yves2.jpg\" class=\"attachment-large size-large wp-image-345\" alt=\"essai\" srcset=\"https:\/\/bibliotheque.ovh\/wp-content\/uploads\/2025\/03\/yves2.jpg 650w, https:\/\/bibliotheque.ovh\/wp-content\/uploads\/2025\/03\/yves2-212x300.jpg 212w\" sizes=\"(max-width: 650px) 100vw, 650px\" \/>\t\t\t\t\t\t\t\t\t\t\t<figcaption class=\"widget-image-caption wp-caption-text\">livre neuf 25 euros<\/figcaption>\n\t\t\t\t\t\t\t\t\t\t<\/figure>\n\t\t\t\t\t\t\t\t\t<\/div>\n\t\t\t\t<\/div>\n\t\t\t\t<div class=\"elementor-element elementor-element-d4df311 elementor-widget elementor-widget-image\" data-id=\"d4df311\" data-element_type=\"widget\" data-widget_type=\"image.default\">\n\t\t\t\t<div class=\"elementor-widget-container\">\n\t\t\t\t\t\t\t\t\t\t\t\t<figure class=\"wp-caption\">\n\t\t\t\t\t\t\t\t\t\t<img decoding=\"async\" width=\"604\" height=\"401\" src=\"https:\/\/bibliotheque.ovh\/wp-content\/uploads\/2025\/03\/dvdjpg.jpg\" class=\"attachment-large size-large wp-image-377\" alt=\"\" srcset=\"https:\/\/bibliotheque.ovh\/wp-content\/uploads\/2025\/03\/dvdjpg.jpg 604w, https:\/\/bibliotheque.ovh\/wp-content\/uploads\/2025\/03\/dvdjpg-300x199.jpg 300w\" sizes=\"(max-width: 604px) 100vw, 604px\" \/>\t\t\t\t\t\t\t\t\t\t\t<figcaption class=\"widget-image-caption wp-caption-text\">dvd 10 euros<\/figcaption>\n\t\t\t\t\t\t\t\t\t\t<\/figure>\n\t\t\t\t\t\t\t\t\t<\/div>\n\t\t\t\t<\/div>\n\t\t\t\t<div class=\"elementor-element elementor-element-cac2a75 elementor-widget elementor-widget-image\" data-id=\"cac2a75\" data-element_type=\"widget\" data-widget_type=\"image.default\">\n\t\t\t\t<div class=\"elementor-widget-container\">\n\t\t\t\t\t\t\t\t\t\t\t\t<figure class=\"wp-caption\">\n\t\t\t\t\t\t\t\t\t\t<img decoding=\"async\" width=\"225\" height=\"300\" src=\"https:\/\/bibliotheque.ovh\/wp-content\/uploads\/2025\/03\/IMG_20250315_112040-225x300.jpg\" class=\"attachment-medium size-medium wp-image-404\" alt=\"\" srcset=\"https:\/\/bibliotheque.ovh\/wp-content\/uploads\/2025\/03\/IMG_20250315_112040-225x300.jpg 225w, https:\/\/bibliotheque.ovh\/wp-content\/uploads\/2025\/03\/IMG_20250315_112040-768x1024.jpg 768w, https:\/\/bibliotheque.ovh\/wp-content\/uploads\/2025\/03\/IMG_20250315_112040-1152x1536.jpg 1152w, https:\/\/bibliotheque.ovh\/wp-content\/uploads\/2025\/03\/IMG_20250315_112040-1536x2048.jpg 1536w, https:\/\/bibliotheque.ovh\/wp-content\/uploads\/2025\/03\/IMG_20250315_112040-scaled.jpg 1920w\" sizes=\"(max-width: 225px) 100vw, 225px\" \/>\t\t\t\t\t\t\t\t\t\t\t<figcaption class=\"widget-image-caption wp-caption-text\">carte postale 0,50 euros<\/figcaption>\n\t\t\t\t\t\t\t\t\t\t<\/figure>\n\t\t\t\t\t\t\t\t\t<\/div>\n\t\t\t\t<\/div>\n\t\t\t\t<div class=\"elementor-element elementor-element-36c6b9c elementor-widget elementor-widget-image\" data-id=\"36c6b9c\" data-element_type=\"widget\" data-widget_type=\"image.default\">\n\t\t\t\t<div class=\"elementor-widget-container\">\n\t\t\t\t\t\t\t\t\t\t\t\t<figure class=\"wp-caption\">\n\t\t\t\t\t\t\t\t\t\t<img loading=\"lazy\" decoding=\"async\" width=\"768\" height=\"1024\" src=\"https:\/\/bibliotheque.ovh\/wp-content\/uploads\/2025\/03\/IMG_20250315_105355-768x1024.jpg\" class=\"attachment-large size-large wp-image-399\" alt=\"\" srcset=\"https:\/\/bibliotheque.ovh\/wp-content\/uploads\/2025\/03\/IMG_20250315_105355-768x1024.jpg 768w, https:\/\/bibliotheque.ovh\/wp-content\/uploads\/2025\/03\/IMG_20250315_105355-225x300.jpg 225w, https:\/\/bibliotheque.ovh\/wp-content\/uploads\/2025\/03\/IMG_20250315_105355-1152x1536.jpg 1152w, https:\/\/bibliotheque.ovh\/wp-content\/uploads\/2025\/03\/IMG_20250315_105355-1536x2048.jpg 1536w, https:\/\/bibliotheque.ovh\/wp-content\/uploads\/2025\/03\/IMG_20250315_105355-scaled.jpg 1920w\" sizes=\"(max-width: 768px) 100vw, 768px\" \/>\t\t\t\t\t\t\t\t\t\t\t<figcaption class=\"widget-image-caption wp-caption-text\">encyclop\u00e9die nature et vie \u00e9dition Christophe Colomb 31 num\u00e9ros 50 euros<\/figcaption>\n\t\t\t\t\t\t\t\t\t\t<\/figure>\n\t\t\t\t\t\t\t\t\t<\/div>\n\t\t\t\t<\/div>\n\t\t\t\t<div class=\"elementor-element elementor-element-de5d922 elementor-widget elementor-widget-image\" data-id=\"de5d922\" data-element_type=\"widget\" data-widget_type=\"image.default\">\n\t\t\t\t<div class=\"elementor-widget-container\">\n\t\t\t\t\t\t\t\t\t\t\t\t<figure class=\"wp-caption\">\n\t\t\t\t\t\t\t\t\t\t<img loading=\"lazy\" decoding=\"async\" width=\"768\" height=\"1024\" src=\"https:\/\/bibliotheque.ovh\/wp-content\/uploads\/2025\/03\/IMG_20250315_105618-768x1024.jpg\" class=\"attachment-large size-large wp-image-400\" alt=\"\" srcset=\"https:\/\/bibliotheque.ovh\/wp-content\/uploads\/2025\/03\/IMG_20250315_105618-768x1024.jpg 768w, https:\/\/bibliotheque.ovh\/wp-content\/uploads\/2025\/03\/IMG_20250315_105618-225x300.jpg 225w, https:\/\/bibliotheque.ovh\/wp-content\/uploads\/2025\/03\/IMG_20250315_105618-1152x1536.jpg 1152w, https:\/\/bibliotheque.ovh\/wp-content\/uploads\/2025\/03\/IMG_20250315_105618-1536x2048.jpg 1536w, https:\/\/bibliotheque.ovh\/wp-content\/uploads\/2025\/03\/IMG_20250315_105618-scaled.jpg 1920w\" sizes=\"(max-width: 768px) 100vw, 768px\" \/>\t\t\t\t\t\t\t\t\t\t\t<figcaption class=\"widget-image-caption wp-caption-text\">encyclop\u00e9die la France des tr\u00e9sors \u00e9dition Larousse17 numeros 40 euros<\/figcaption>\n\t\t\t\t\t\t\t\t\t\t<\/figure>\n\t\t\t\t\t\t\t\t\t<\/div>\n\t\t\t\t<\/div>\n\t\t\t\t<div class=\"elementor-element elementor-element-50ca331 elementor-widget elementor-widget-image\" data-id=\"50ca331\" data-element_type=\"widget\" data-widget_type=\"image.default\">\n\t\t\t\t<div class=\"elementor-widget-container\">\n\t\t\t\t\t\t\t\t\t\t\t\t<figure class=\"wp-caption\">\n\t\t\t\t\t\t\t\t\t\t<img loading=\"lazy\" decoding=\"async\" width=\"768\" height=\"1024\" src=\"https:\/\/bibliotheque.ovh\/wp-content\/uploads\/2025\/03\/IMG_20250315_105804-768x1024.jpg\" class=\"attachment-large size-large wp-image-401\" alt=\"\" srcset=\"https:\/\/bibliotheque.ovh\/wp-content\/uploads\/2025\/03\/IMG_20250315_105804-768x1024.jpg 768w, https:\/\/bibliotheque.ovh\/wp-content\/uploads\/2025\/03\/IMG_20250315_105804-225x300.jpg 225w, https:\/\/bibliotheque.ovh\/wp-content\/uploads\/2025\/03\/IMG_20250315_105804-1152x1536.jpg 1152w, https:\/\/bibliotheque.ovh\/wp-content\/uploads\/2025\/03\/IMG_20250315_105804-1536x2048.jpg 1536w, https:\/\/bibliotheque.ovh\/wp-content\/uploads\/2025\/03\/IMG_20250315_105804-scaled.jpg 1920w\" sizes=\"(max-width: 768px) 100vw, 768px\" \/>\t\t\t\t\t\t\t\t\t\t\t<figcaption class=\"widget-image-caption wp-caption-text\">encyclop\u00e9die les grands dossiers de l'Illustration en dessins et aquarelles des grands ma\u00eetres 29 num\u00e9ros 150 euros<\/figcaption>\n\t\t\t\t\t\t\t\t\t\t<\/figure>\n\t\t\t\t\t\t\t\t\t<\/div>\n\t\t\t\t<\/div>\n\t\t\t\t\t<\/div>\n\t\t\t\t<\/div>\n\t\t<div class=\"elementor-element elementor-element-c586e50 e-grid e-con-boxed wpr-particle-no wpr-jarallax-no wpr-parallax-no wpr-sticky-section-no e-con e-parent\" data-id=\"c586e50\" data-element_type=\"container\">\n\t\t\t\t\t<div class=\"e-con-inner\">\n\t\t\t\t<div class=\"elementor-element elementor-element-8b41457 elementor-widget elementor-widget-image\" data-id=\"8b41457\" data-element_type=\"widget\" data-widget_type=\"image.default\">\n\t\t\t\t<div class=\"elementor-widget-container\">\n\t\t\t\t\t\t\t\t\t\t\t\t<figure class=\"wp-caption\">\n\t\t\t\t\t\t\t\t\t\t<img loading=\"lazy\" decoding=\"async\" width=\"768\" height=\"1024\" src=\"https:\/\/bibliotheque.ovh\/wp-content\/uploads\/2025\/03\/IMG_20250315_110000-768x1024.jpg\" class=\"attachment-large size-large wp-image-402\" alt=\"\" srcset=\"https:\/\/bibliotheque.ovh\/wp-content\/uploads\/2025\/03\/IMG_20250315_110000-768x1024.jpg 768w, https:\/\/bibliotheque.ovh\/wp-content\/uploads\/2025\/03\/IMG_20250315_110000-225x300.jpg 225w, https:\/\/bibliotheque.ovh\/wp-content\/uploads\/2025\/03\/IMG_20250315_110000-1152x1536.jpg 1152w, https:\/\/bibliotheque.ovh\/wp-content\/uploads\/2025\/03\/IMG_20250315_110000-1536x2048.jpg 1536w, https:\/\/bibliotheque.ovh\/wp-content\/uploads\/2025\/03\/IMG_20250315_110000-scaled.jpg 1920w\" sizes=\"(max-width: 768px) 100vw, 768px\" \/>\t\t\t\t\t\t\t\t\t\t\t<figcaption class=\"widget-image-caption wp-caption-text\">dessins et aquarelles des grands maitres 50 euros<\/figcaption>\n\t\t\t\t\t\t\t\t\t\t<\/figure>\n\t\t\t\t\t\t\t\t\t<\/div>\n\t\t\t\t<\/div>\n\t\t\t\t<div class=\"elementor-element elementor-element-28fab18 elementor-widget elementor-widget-image\" data-id=\"28fab18\" data-element_type=\"widget\" data-widget_type=\"image.default\">\n\t\t\t\t<div class=\"elementor-widget-container\">\n\t\t\t\t\t\t\t\t\t\t\t\t<figure class=\"wp-caption\">\n\t\t\t\t\t\t\t\t\t\t<img loading=\"lazy\" decoding=\"async\" width=\"768\" height=\"1024\" src=\"https:\/\/bibliotheque.ovh\/wp-content\/uploads\/2025\/03\/IMG_20250315_110223-768x1024.jpg\" class=\"attachment-large size-large wp-image-403\" alt=\"\" srcset=\"https:\/\/bibliotheque.ovh\/wp-content\/uploads\/2025\/03\/IMG_20250315_110223-768x1024.jpg 768w, https:\/\/bibliotheque.ovh\/wp-content\/uploads\/2025\/03\/IMG_20250315_110223-225x300.jpg 225w, https:\/\/bibliotheque.ovh\/wp-content\/uploads\/2025\/03\/IMG_20250315_110223-1152x1536.jpg 1152w, https:\/\/bibliotheque.ovh\/wp-content\/uploads\/2025\/03\/IMG_20250315_110223-1536x2048.jpg 1536w, https:\/\/bibliotheque.ovh\/wp-content\/uploads\/2025\/03\/IMG_20250315_110223-scaled.jpg 1920w\" sizes=\"(max-width: 768px) 100vw, 768px\" \/>\t\t\t\t\t\t\t\t\t\t\t<figcaption class=\"widget-image-caption wp-caption-text\"> la photographie \u00e9dition 11 num\u00e9ros 30 euros<\/figcaption>\n\t\t\t\t\t\t\t\t\t\t<\/figure>\n\t\t\t\t\t\t\t\t\t<\/div>\n\t\t\t\t<\/div>\n\t\t\t\t<div class=\"elementor-element elementor-element-5fd3573 elementor-widget elementor-widget-image\" data-id=\"5fd3573\" data-element_type=\"widget\" data-widget_type=\"image.default\">\n\t\t\t\t<div class=\"elementor-widget-container\">\n\t\t\t\t\t\t\t\t\t\t\t\t<figure class=\"wp-caption\">\n\t\t\t\t\t\t\t\t\t\t<img loading=\"lazy\" decoding=\"async\" width=\"768\" height=\"1024\" src=\"https:\/\/bibliotheque.ovh\/wp-content\/uploads\/2025\/03\/IMG_20250326_174102-768x1024.jpg\" class=\"attachment-large size-large wp-image-677\" alt=\"\" srcset=\"https:\/\/bibliotheque.ovh\/wp-content\/uploads\/2025\/03\/IMG_20250326_174102-768x1024.jpg 768w, https:\/\/bibliotheque.ovh\/wp-content\/uploads\/2025\/03\/IMG_20250326_174102-225x300.jpg 225w, https:\/\/bibliotheque.ovh\/wp-content\/uploads\/2025\/03\/IMG_20250326_174102-1152x1536.jpg 1152w, https:\/\/bibliotheque.ovh\/wp-content\/uploads\/2025\/03\/IMG_20250326_174102-1536x2048.jpg 1536w, https:\/\/bibliotheque.ovh\/wp-content\/uploads\/2025\/03\/IMG_20250326_174102-scaled.jpg 1920w\" sizes=\"(max-width: 768px) 100vw, 768px\" \/>\t\t\t\t\t\t\t\t\t\t\t<figcaption class=\"widget-image-caption wp-caption-text\">merveilles et mysteres de la nature 2 euros<\/figcaption>\n\t\t\t\t\t\t\t\t\t\t<\/figure>\n\t\t\t\t\t\t\t\t\t<\/div>\n\t\t\t\t<\/div>\n\t\t\t\t<div class=\"elementor-element elementor-element-bcd9e73 elementor-widget elementor-widget-image\" data-id=\"bcd9e73\" data-element_type=\"widget\" data-widget_type=\"image.default\">\n\t\t\t\t<div class=\"elementor-widget-container\">\n\t\t\t\t\t\t\t\t\t\t\t\t<figure class=\"wp-caption\">\n\t\t\t\t\t\t\t\t\t\t<img loading=\"lazy\" decoding=\"async\" width=\"768\" height=\"1024\" src=\"https:\/\/bibliotheque.ovh\/wp-content\/uploads\/2025\/03\/IMG_20250326_174130-768x1024.jpg\" class=\"attachment-large size-large wp-image-678\" alt=\"\" srcset=\"https:\/\/bibliotheque.ovh\/wp-content\/uploads\/2025\/03\/IMG_20250326_174130-768x1024.jpg 768w, https:\/\/bibliotheque.ovh\/wp-content\/uploads\/2025\/03\/IMG_20250326_174130-225x300.jpg 225w, https:\/\/bibliotheque.ovh\/wp-content\/uploads\/2025\/03\/IMG_20250326_174130-1152x1536.jpg 1152w, https:\/\/bibliotheque.ovh\/wp-content\/uploads\/2025\/03\/IMG_20250326_174130-1536x2048.jpg 1536w, https:\/\/bibliotheque.ovh\/wp-content\/uploads\/2025\/03\/IMG_20250326_174130-scaled.jpg 1920w\" sizes=\"(max-width: 768px) 100vw, 768px\" \/>\t\t\t\t\t\t\t\t\t\t\t<figcaption class=\"widget-image-caption wp-caption-text\">j'aime la Bretagne 2 euros<\/figcaption>\n\t\t\t\t\t\t\t\t\t\t<\/figure>\n\t\t\t\t\t\t\t\t\t<\/div>\n\t\t\t\t<\/div>\n\t\t\t\t<div class=\"elementor-element elementor-element-2dde0bf elementor-widget elementor-widget-image\" data-id=\"2dde0bf\" data-element_type=\"widget\" data-widget_type=\"image.default\">\n\t\t\t\t<div class=\"elementor-widget-container\">\n\t\t\t\t\t\t\t\t\t\t\t\t<figure class=\"wp-caption\">\n\t\t\t\t\t\t\t\t\t\t<img loading=\"lazy\" decoding=\"async\" width=\"768\" height=\"1024\" src=\"https:\/\/bibliotheque.ovh\/wp-content\/uploads\/2025\/03\/IMG_20250326_174155-768x1024.jpg\" class=\"attachment-large size-large wp-image-679\" alt=\"\" srcset=\"https:\/\/bibliotheque.ovh\/wp-content\/uploads\/2025\/03\/IMG_20250326_174155-768x1024.jpg 768w, https:\/\/bibliotheque.ovh\/wp-content\/uploads\/2025\/03\/IMG_20250326_174155-225x300.jpg 225w, https:\/\/bibliotheque.ovh\/wp-content\/uploads\/2025\/03\/IMG_20250326_174155-1152x1536.jpg 1152w, https:\/\/bibliotheque.ovh\/wp-content\/uploads\/2025\/03\/IMG_20250326_174155-1536x2048.jpg 1536w, https:\/\/bibliotheque.ovh\/wp-content\/uploads\/2025\/03\/IMG_20250326_174155-scaled.jpg 1920w\" sizes=\"(max-width: 768px) 100vw, 768px\" \/>\t\t\t\t\t\t\t\t\t\t\t<figcaption class=\"widget-image-caption wp-caption-text\">la  mer et ses merveilles 2 euros<\/figcaption>\n\t\t\t\t\t\t\t\t\t\t<\/figure>\n\t\t\t\t\t\t\t\t\t<\/div>\n\t\t\t\t<\/div>\n\t\t\t\t<div class=\"elementor-element elementor-element-94918b6 elementor-widget elementor-widget-image\" data-id=\"94918b6\" data-element_type=\"widget\" data-widget_type=\"image.default\">\n\t\t\t\t<div class=\"elementor-widget-container\">\n\t\t\t\t\t\t\t\t\t\t\t\t<figure class=\"wp-caption\">\n\t\t\t\t\t\t\t\t\t\t<img loading=\"lazy\" decoding=\"async\" width=\"768\" height=\"1024\" src=\"https:\/\/bibliotheque.ovh\/wp-content\/uploads\/2025\/03\/IMG_20250326_174112-768x1024.jpg\" class=\"attachment-large size-large wp-image-680\" alt=\"\" srcset=\"https:\/\/bibliotheque.ovh\/wp-content\/uploads\/2025\/03\/IMG_20250326_174112-768x1024.jpg 768w, https:\/\/bibliotheque.ovh\/wp-content\/uploads\/2025\/03\/IMG_20250326_174112-225x300.jpg 225w, https:\/\/bibliotheque.ovh\/wp-content\/uploads\/2025\/03\/IMG_20250326_174112-1152x1536.jpg 1152w, https:\/\/bibliotheque.ovh\/wp-content\/uploads\/2025\/03\/IMG_20250326_174112-1536x2048.jpg 1536w, https:\/\/bibliotheque.ovh\/wp-content\/uploads\/2025\/03\/IMG_20250326_174112-scaled.jpg 1920w\" sizes=\"(max-width: 768px) 100vw, 768px\" \/>\t\t\t\t\t\t\t\t\t\t\t<figcaption class=\"widget-image-caption wp-caption-text\">les grands \u00e9v\u00e8nements du xxe siecle 3 euros  <\/figcaption>\n\t\t\t\t\t\t\t\t\t\t<\/figure>\n\t\t\t\t\t\t\t\t\t<\/div>\n\t\t\t\t<\/div>\n\t\t\t\t\t<\/div>\n\t\t\t\t<\/div>\n\t\t<div class=\"elementor-element elementor-element-7a87e77 e-grid e-con-boxed wpr-particle-no wpr-jarallax-no wpr-parallax-no wpr-sticky-section-no e-con e-parent\" data-id=\"7a87e77\" data-element_type=\"container\">\n\t\t\t\t\t<div class=\"e-con-inner\">\n\t\t\t\t<div class=\"elementor-element elementor-element-298e124 elementor-widget elementor-widget-image\" data-id=\"298e124\" data-element_type=\"widget\" data-widget_type=\"image.default\">\n\t\t\t\t<div class=\"elementor-widget-container\">\n\t\t\t\t\t\t\t\t\t\t\t\t<figure class=\"wp-caption\">\n\t\t\t\t\t\t\t\t\t\t<img loading=\"lazy\" decoding=\"async\" width=\"768\" height=\"1024\" src=\"https:\/\/bibliotheque.ovh\/wp-content\/uploads\/2025\/03\/IMG_20250326_174121-768x1024.jpg\" class=\"attachment-large size-large wp-image-681\" alt=\"\" srcset=\"https:\/\/bibliotheque.ovh\/wp-content\/uploads\/2025\/03\/IMG_20250326_174121-768x1024.jpg 768w, https:\/\/bibliotheque.ovh\/wp-content\/uploads\/2025\/03\/IMG_20250326_174121-225x300.jpg 225w, https:\/\/bibliotheque.ovh\/wp-content\/uploads\/2025\/03\/IMG_20250326_174121-1152x1536.jpg 1152w, https:\/\/bibliotheque.ovh\/wp-content\/uploads\/2025\/03\/IMG_20250326_174121-1536x2048.jpg 1536w, https:\/\/bibliotheque.ovh\/wp-content\/uploads\/2025\/03\/IMG_20250326_174121-scaled.jpg 1920w\" sizes=\"(max-width: 768px) 100vw, 768px\" \/>\t\t\t\t\t\t\t\t\t\t\t<figcaption class=\"widget-image-caption wp-caption-text\">les plus belles villes de France3 euros<\/figcaption>\n\t\t\t\t\t\t\t\t\t\t<\/figure>\n\t\t\t\t\t\t\t\t\t<\/div>\n\t\t\t\t<\/div>\n\t\t\t\t<div class=\"elementor-element elementor-element-83f244d elementor-widget elementor-widget-image\" data-id=\"83f244d\" data-element_type=\"widget\" data-widget_type=\"image.default\">\n\t\t\t\t<div class=\"elementor-widget-container\">\n\t\t\t\t\t\t\t\t\t\t\t\t<figure class=\"wp-caption\">\n\t\t\t\t\t\t\t\t\t\t<img loading=\"lazy\" decoding=\"async\" width=\"768\" height=\"1024\" src=\"https:\/\/bibliotheque.ovh\/wp-content\/uploads\/2025\/03\/IMG_20250326_174140-768x1024.jpg\" class=\"attachment-large size-large wp-image-683\" alt=\"\" srcset=\"https:\/\/bibliotheque.ovh\/wp-content\/uploads\/2025\/03\/IMG_20250326_174140-768x1024.jpg 768w, https:\/\/bibliotheque.ovh\/wp-content\/uploads\/2025\/03\/IMG_20250326_174140-225x300.jpg 225w, https:\/\/bibliotheque.ovh\/wp-content\/uploads\/2025\/03\/IMG_20250326_174140-1152x1536.jpg 1152w, https:\/\/bibliotheque.ovh\/wp-content\/uploads\/2025\/03\/IMG_20250326_174140-1536x2048.jpg 1536w, https:\/\/bibliotheque.ovh\/wp-content\/uploads\/2025\/03\/IMG_20250326_174140-scaled.jpg 1920w\" sizes=\"(max-width: 768px) 100vw, 768px\" \/>\t\t\t\t\t\t\t\t\t\t\t<figcaption class=\"widget-image-caption wp-caption-text\">Chronique du 20\u00e8me si\u00e8cle 3 euros<\/figcaption>\n\t\t\t\t\t\t\t\t\t\t<\/figure>\n\t\t\t\t\t\t\t\t\t<\/div>\n\t\t\t\t<\/div>\n\t\t\t\t<div class=\"elementor-element elementor-element-85c598e elementor-widget elementor-widget-image\" data-id=\"85c598e\" data-element_type=\"widget\" data-widget_type=\"image.default\">\n\t\t\t\t<div class=\"elementor-widget-container\">\n\t\t\t\t\t\t\t\t\t\t\t\t<figure class=\"wp-caption\">\n\t\t\t\t\t\t\t\t\t\t<img loading=\"lazy\" decoding=\"async\" width=\"768\" height=\"1024\" src=\"https:\/\/bibliotheque.ovh\/wp-content\/uploads\/2025\/03\/IMG_20250326_174148-768x1024.jpg\" class=\"attachment-large size-large wp-image-684\" alt=\"\" srcset=\"https:\/\/bibliotheque.ovh\/wp-content\/uploads\/2025\/03\/IMG_20250326_174148-768x1024.jpg 768w, https:\/\/bibliotheque.ovh\/wp-content\/uploads\/2025\/03\/IMG_20250326_174148-225x300.jpg 225w, https:\/\/bibliotheque.ovh\/wp-content\/uploads\/2025\/03\/IMG_20250326_174148-1152x1536.jpg 1152w, https:\/\/bibliotheque.ovh\/wp-content\/uploads\/2025\/03\/IMG_20250326_174148-1536x2048.jpg 1536w, https:\/\/bibliotheque.ovh\/wp-content\/uploads\/2025\/03\/IMG_20250326_174148-scaled.jpg 1920w\" sizes=\"(max-width: 768px) 100vw, 768px\" \/>\t\t\t\t\t\t\t\t\t\t\t<figcaption class=\"widget-image-caption wp-caption-text\">Chronique de la r\u00e9volution 3 euros <\/figcaption>\n\t\t\t\t\t\t\t\t\t\t<\/figure>\n\t\t\t\t\t\t\t\t\t<\/div>\n\t\t\t\t<\/div>\n\t\t\t\t<div class=\"elementor-element elementor-element-c648383 elementor-widget elementor-widget-image\" data-id=\"c648383\" data-element_type=\"widget\" data-widget_type=\"image.default\">\n\t\t\t\t<div class=\"elementor-widget-container\">\n\t\t\t\t\t\t\t\t\t\t\t\t<figure class=\"wp-caption\">\n\t\t\t\t\t\t\t\t\t\t<img loading=\"lazy\" decoding=\"async\" width=\"768\" height=\"1024\" src=\"https:\/\/bibliotheque.ovh\/wp-content\/uploads\/2025\/03\/IMG_20250326_174333-768x1024.jpg\" class=\"attachment-large size-large wp-image-685\" alt=\"\" srcset=\"https:\/\/bibliotheque.ovh\/wp-content\/uploads\/2025\/03\/IMG_20250326_174333-768x1024.jpg 768w, https:\/\/bibliotheque.ovh\/wp-content\/uploads\/2025\/03\/IMG_20250326_174333-225x300.jpg 225w, https:\/\/bibliotheque.ovh\/wp-content\/uploads\/2025\/03\/IMG_20250326_174333-1152x1536.jpg 1152w, https:\/\/bibliotheque.ovh\/wp-content\/uploads\/2025\/03\/IMG_20250326_174333-1536x2048.jpg 1536w, https:\/\/bibliotheque.ovh\/wp-content\/uploads\/2025\/03\/IMG_20250326_174333-scaled.jpg 1920w\" sizes=\"(max-width: 768px) 100vw, 768px\" \/>\t\t\t\t\t\t\t\t\t\t\t<figcaption class=\"widget-image-caption wp-caption-text\">l'Europe des soci\u00e9t\u00e9s secr\u00e8tes 3 euros <\/figcaption>\n\t\t\t\t\t\t\t\t\t\t<\/figure>\n\t\t\t\t\t\t\t\t\t<\/div>\n\t\t\t\t<\/div>\n\t\t\t\t\t<\/div>\n\t\t\t\t<\/div>\n\t\t<div class=\"elementor-element elementor-element-2724ccf e-flex e-con-boxed wpr-particle-no wpr-jarallax-no wpr-parallax-no wpr-sticky-section-no e-con e-parent\" data-id=\"2724ccf\" data-element_type=\"container\">\n\t\t\t\t\t<div class=\"e-con-inner\">\n\t\t\t\t\t<\/div>\n\t\t\t\t<\/div>\n\t\t\t\t<\/div>\n\t\t","protected":false},"excerpt":{"rendered":"<p>LA BOUTIQUE ARTICLES DISPONIBLES SUR PLACE livre neuf 25 euros dvd 10 euros carte postale 0,50 euros encyclop\u00e9die nature et vie \u00e9dition Christophe Colomb 31 num\u00e9ros 50 euros encyclop\u00e9die la France des tr\u00e9sors \u00e9dition Larousse17 numeros 40 euros encyclop\u00e9die les grands dossiers de l&rsquo;Illustration en dessins et aquarelles des grands ma\u00eetres 29 num\u00e9ros 150 euros dessins et aquarelles des grands maitres 50 euros la photographie \u00e9dition 11 num\u00e9ros 30 euros merveilles et mysteres de la nature 2 euros j&rsquo;aime la Bretagne 2 euros la mer et ses merveilles 2 euros les grands \u00e9v\u00e8nements du xxe siecle 3 euros les plus belles villes de France3 euros Chronique du 20\u00e8me si\u00e8cle 3 euros Chronique de la r\u00e9volution 3 euros l&rsquo;Europe des soci\u00e9t\u00e9s secr\u00e8tes 3 euros<\/p>\n","protected":false},"author":1,"featured_media":0,"parent":0,"menu_order":0,"comment_status":"closed","ping_status":"closed","template":"","meta":{"footnotes":""},"class_list":["post-355","page","type-page","status-publish","hentry"],"_links":{"self":[{"href":"https:\/\/bibliotheque.ovh\/index.php?rest_route=\/wp\/v2\/pages\/355","targetHints":{"allow":["GET"]}}],"collection":[{"href":"https:\/\/bibliotheque.ovh\/index.php?rest_route=\/wp\/v2\/pages"}],"about":[{"href":"https:\/\/bibliotheque.ovh\/index.php?rest_route=\/wp\/v2\/types\/page"}],"author":[{"embeddable":true,"href":"https:\/\/bibliotheque.ovh\/index.php?rest_route=\/wp\/v2\/users\/1"}],"replies":[{"embeddable":true,"href":"https:\/\/bibliotheque.ovh\/index.php?rest_route=%2Fwp%2Fv2%2Fcomments&post=355"}],"version-history":[{"count":102,"href":"https:\/\/bibliotheque.ovh\/index.php?rest_route=\/wp\/v2\/pages\/355\/revisions"}],"predecessor-version":[{"id":767,"href":"https:\/\/bibliotheque.ovh\/index.php?rest_route=\/wp\/v2\/pages\/355\/revisions\/767"}],"wp:attachment":[{"href":"https:\/\/bibliotheque.ovh\/index.php?rest_route=%2Fwp%2Fv2%2Fmedia&parent=355"}],"curies":[{"name":"wp","href":"https:\/\/api.w.org\/{rel}","templated":true}]}}