{"id":643,"date":"2025-03-21T22:04:26","date_gmt":"2025-03-21T21:04:26","guid":{"rendered":"https:\/\/bibliotheque.ovh\/?page_id=643"},"modified":"2025-04-08T21:08:56","modified_gmt":"2025-04-08T19:08:56","slug":"adrienne-savatte","status":"publish","type":"page","link":"https:\/\/bibliotheque.ovh\/?page_id=643","title":{"rendered":"Adrienne Savatte"},"content":{"rendered":"\t\t<div data-elementor-type=\"wp-page\" data-elementor-id=\"643\" class=\"elementor elementor-643\">\n\t\t\t\t<div class=\"elementor-element elementor-element-5b974b1 e-flex e-con-boxed wpr-particle-no wpr-jarallax-no wpr-parallax-no wpr-sticky-section-no e-con e-parent\" data-id=\"5b974b1\" data-element_type=\"container\">\n\t\t\t\t\t<div class=\"e-con-inner\">\n\t\t\t\t<div class=\"elementor-element elementor-element-d282fb6 elementor-widget elementor-widget-text-editor\" data-id=\"d282fb6\" data-element_type=\"widget\" data-widget_type=\"text-editor.default\">\n\t\t\t\t<div class=\"elementor-widget-container\">\n\t\t\t\t\t\t\t\t\t<p><b data-olk-copy-source=\"MessageBody\">Adrienne Savatte, qui nous a quitt\u00e9s en 2020, \u00e9tait membre de la Soci\u00e9t\u00e9 des \u00c9crivains Normands<\/b><\/p>\n<p><!-- \/wp:paragraph --><!-- wp:image {\"id\":647,\"width\":\"270px\",\"height\":\"auto\",\"sizeSlug\":\"large\",\"linkDestination\":\"none\"} --><\/p>\n<figure class=\"wp-block-image size-large is-resized\"><\/figure>\n<p><!-- \/wp:image --><!-- wp:paragraph --><\/p>\n<p><!-- \/wp:paragraph --><\/p>\t\t\t\t\t\t\t\t<\/div>\n\t\t\t\t<\/div>\n\t\t\t\t\t<\/div>\n\t\t\t\t<\/div>\n\t\t<div class=\"elementor-element elementor-element-09f3081 e-grid e-con-boxed wpr-particle-no wpr-jarallax-no wpr-parallax-no wpr-sticky-section-no e-con e-parent\" data-id=\"09f3081\" data-element_type=\"container\">\n\t\t\t\t\t<div class=\"e-con-inner\">\n\t\t\t\t<div class=\"elementor-element elementor-element-8e83597 elementor-widget elementor-widget-image\" data-id=\"8e83597\" data-element_type=\"widget\" data-widget_type=\"image.default\">\n\t\t\t\t<div class=\"elementor-widget-container\">\n\t\t\t\t\t\t\t\t\t\t\t\t\t\t\t<img fetchpriority=\"high\" decoding=\"async\" width=\"800\" height=\"939\" src=\"https:\/\/bibliotheque.ovh\/wp-content\/uploads\/2025\/03\/verso_0001-872x1024.jpg\" class=\"attachment-large size-large wp-image-647\" alt=\"\" srcset=\"https:\/\/bibliotheque.ovh\/wp-content\/uploads\/2025\/03\/verso_0001-872x1024.jpg 872w, https:\/\/bibliotheque.ovh\/wp-content\/uploads\/2025\/03\/verso_0001-255x300.jpg 255w, https:\/\/bibliotheque.ovh\/wp-content\/uploads\/2025\/03\/verso_0001-768x902.jpg 768w, https:\/\/bibliotheque.ovh\/wp-content\/uploads\/2025\/03\/verso_0001-1308x1536.jpg 1308w, https:\/\/bibliotheque.ovh\/wp-content\/uploads\/2025\/03\/verso_0001-1744x2048.jpg 1744w\" sizes=\"(max-width: 800px) 100vw, 800px\" \/>\t\t\t\t\t\t\t\t\t\t\t\t\t\t\t<\/div>\n\t\t\t\t<\/div>\n\t\t\t\t<div class=\"elementor-element elementor-element-d407ccc elementor-widget elementor-widget-image\" data-id=\"d407ccc\" data-element_type=\"widget\" data-widget_type=\"image.default\">\n\t\t\t\t<div class=\"elementor-widget-container\">\n\t\t\t\t\t\t\t\t\t\t\t\t\t\t\t<img decoding=\"async\" width=\"496\" height=\"653\" src=\"https:\/\/bibliotheque.ovh\/wp-content\/uploads\/2025\/03\/Capture-decran-2025-03-30-184110-1.jpg\" class=\"attachment-large size-large wp-image-687\" alt=\"\" srcset=\"https:\/\/bibliotheque.ovh\/wp-content\/uploads\/2025\/03\/Capture-decran-2025-03-30-184110-1.jpg 496w, https:\/\/bibliotheque.ovh\/wp-content\/uploads\/2025\/03\/Capture-decran-2025-03-30-184110-1-228x300.jpg 228w\" sizes=\"(max-width: 496px) 100vw, 496px\" \/>\t\t\t\t\t\t\t\t\t\t\t\t\t\t\t<\/div>\n\t\t\t\t<\/div>\n\t\t\t\t\t<\/div>\n\t\t\t\t<\/div>\n\t\t<div class=\"elementor-element elementor-element-53a9ca4c e-flex e-con-boxed wpr-particle-no wpr-jarallax-no wpr-parallax-no wpr-sticky-section-no e-con e-parent\" data-id=\"53a9ca4c\" data-element_type=\"container\">\n\t\t\t\t\t<div class=\"e-con-inner\">\n\t\t\t\t\t<\/div>\n\t\t\t\t<\/div>\n\t\t\t\t<\/div>\n\t\t","protected":false},"excerpt":{"rendered":"<p>Adrienne Savatte, qui nous a quitt\u00e9s en 2020, \u00e9tait membre de la Soci\u00e9t\u00e9 des \u00c9crivains Normands<\/p>\n","protected":false},"author":1,"featured_media":0,"parent":0,"menu_order":0,"comment_status":"closed","ping_status":"closed","template":"","meta":{"footnotes":""},"class_list":["post-643","page","type-page","status-publish","hentry"],"_links":{"self":[{"href":"https:\/\/bibliotheque.ovh\/index.php?rest_route=\/wp\/v2\/pages\/643","targetHints":{"allow":["GET"]}}],"collection":[{"href":"https:\/\/bibliotheque.ovh\/index.php?rest_route=\/wp\/v2\/pages"}],"about":[{"href":"https:\/\/bibliotheque.ovh\/index.php?rest_route=\/wp\/v2\/types\/page"}],"author":[{"embeddable":true,"href":"https:\/\/bibliotheque.ovh\/index.php?rest_route=\/wp\/v2\/users\/1"}],"replies":[{"embeddable":true,"href":"https:\/\/bibliotheque.ovh\/index.php?rest_route=%2Fwp%2Fv2%2Fcomments&post=643"}],"version-history":[{"count":20,"href":"https:\/\/bibliotheque.ovh\/index.php?rest_route=\/wp\/v2\/pages\/643\/revisions"}],"predecessor-version":[{"id":761,"href":"https:\/\/bibliotheque.ovh\/index.php?rest_route=\/wp\/v2\/pages\/643\/revisions\/761"}],"wp:attachment":[{"href":"https:\/\/bibliotheque.ovh\/index.php?rest_route=%2Fwp%2Fv2%2Fmedia&parent=643"}],"curies":[{"name":"wp","href":"https:\/\/api.w.org\/{rel}","templated":true}]}}