{"id":848,"date":"2025-07-06T10:33:46","date_gmt":"2025-07-06T08:33:46","guid":{"rendered":"https:\/\/bibliotheque.ovh\/?page_id=848"},"modified":"2025-07-06T10:33:46","modified_gmt":"2025-07-06T08:33:46","slug":"randonnee-danvou-la-ferriere-3-7-25","status":"publish","type":"page","link":"https:\/\/bibliotheque.ovh\/?page_id=848","title":{"rendered":"Randonn\u00e9e Danvou-la-ferri\u00e8re 3\/7\/25"},"content":{"rendered":"\n<p>Pour cette nouvelle saison de randos sur les Monts d\u2019Aunay, pas moins de quarante participants se sont \u00e9lanc\u00e9s depuis le seuil de l\u2019ancienne \u00e9cole de Danvou et la Ferri\u00e8re du Val.<\/p>\n\n\n\n<p>L\u2019imp\u00e9ratif \u00e9tant de rentrer avant la nuit, afin de limiter le kilom\u00e9trage, nous avions d\u00e9cid\u00e9 de partir sur la RD 26 (axe Aunay\/Vassy), plut\u00f4t que de se diriger vers le ch\u00e2teau de Danvou donc. Cette route de 1144m\u00e8tres, not\u00e9e ainsi sur le cadastre de 1811, croise celle venant du Plessis-Grimoult ; nous la prenons sur quelques dizaines de m\u00e8tres avant d\u2019entrer dans le chemin rural du Bois de Chantepie. Certains chiens qui nous accompagnaient sont lib\u00e9r\u00e9s et profitent bien de leur libert\u00e9.<\/p>\n\n\n\n<p>Nous franchissons le ruisseau du Buisson et entrons sur le territoire d\u2019Ondefontaine, par un des rares chemins ruraux subsistant sur cette commune. Nous arrivons \u00e0 la croix par le chemin des Mini\u00e8res.<\/p>\n\n\n\n<p>En face le chemin d\u00e9nomm\u00e9 la Rue du Pont permet d\u2019\u00e9viter la route pour se rendre \u00e0 la Toque puis au Buisson. Cette d\u00e9nomination de Rue du Pont permet d\u2019affirmer qu\u2019au moyen-\u00e2ge cet axe \u00e9tait fr\u00e9quent\u00e9, peupl\u00e9, entre Clamesnil et la Roguerie (Roquerie). Sans doute que les p\u00e8lerinages et la v\u00e9n\u00e9ration \u00e0 St C\u00e9lerin \u00e0 quelques pas (sur Roucamps) n\u2019y sont pas \u00e9trangers.<\/p>\n\n\n\n<p>Retour sur Danvou et sur la RD 26 pour 300m, direction les Hauts Vents. Par le chemin de la Ferri\u00e8re \u00e0 Ondefontaine nous franchissons la passerelle sur la Druance (la rivi\u00e8re des druides). Nous d\u00e9bouchons face \u00e0 l\u2019ancien presbyt\u00e8re de la Ferri\u00e8re du Val. Celui-ci a br\u00fbl\u00e9 derni\u00e8rement. Cet endroit permet \u00e0 certains participants de se rem\u00e9morer leur enfance, ayant v\u00e9cu dans ce lieu transform\u00e9 en mairie et maison. Nous passons devant l\u2019\u00e9glise d\u00e9sacralis\u00e9e, puis rejoignons le pont de l\u2019ancien moulin, \u00e0 la grotte. Un chemin m\u00e8ne au cottage ; la demeure rayonnait par le soleil couchant.<\/p>\n\n\n\n<p>Nous d\u00e9bouchons \u00e0 l\u2019antenne, sur le chemin de Danvou \u00e0 Ondefontaine, pour terminer ce p\u00e9riple de 8,7 kms.<\/p>\n\n\n\n<p>De bonnes discussions dans la bonne humeur autour d\u2019un pot de l\u2019amiti\u00e9 permet de clore la premi\u00e8re lev\u00e9e de notre triptyque estival.<\/p>\n\n\n\n<figure class=\"wp-block-gallery has-nested-images columns-default is-cropped wp-block-gallery-1 is-layout-flex wp-block-gallery-is-layout-flex\">\n<figure class=\"wp-block-image size-large\"><img fetchpriority=\"high\" decoding=\"async\" width=\"1024\" height=\"524\" data-id=\"837\" src=\"https:\/\/bibliotheque.ovh\/wp-content\/uploads\/2025\/07\/rando-1024x524.jpg\" alt=\"\" class=\"wp-image-837\" srcset=\"https:\/\/bibliotheque.ovh\/wp-content\/uploads\/2025\/07\/rando-1024x524.jpg 1024w, https:\/\/bibliotheque.ovh\/wp-content\/uploads\/2025\/07\/rando-300x154.jpg 300w, https:\/\/bibliotheque.ovh\/wp-content\/uploads\/2025\/07\/rando-768x393.jpg 768w, https:\/\/bibliotheque.ovh\/wp-content\/uploads\/2025\/07\/rando.jpg 1043w\" sizes=\"(max-width: 1024px) 100vw, 1024px\" \/><\/figure>\n\n\n\n<figure class=\"wp-block-image size-large\"><img decoding=\"async\" width=\"1024\" height=\"768\" data-id=\"836\" src=\"https:\/\/bibliotheque.ovh\/wp-content\/uploads\/2025\/07\/IMG_20250703_212718-1024x768.jpg\" alt=\"\" class=\"wp-image-836\" srcset=\"https:\/\/bibliotheque.ovh\/wp-content\/uploads\/2025\/07\/IMG_20250703_212718-1024x768.jpg 1024w, https:\/\/bibliotheque.ovh\/wp-content\/uploads\/2025\/07\/IMG_20250703_212718-300x225.jpg 300w, https:\/\/bibliotheque.ovh\/wp-content\/uploads\/2025\/07\/IMG_20250703_212718-768x576.jpg 768w, https:\/\/bibliotheque.ovh\/wp-content\/uploads\/2025\/07\/IMG_20250703_212718-1536x1152.jpg 1536w, https:\/\/bibliotheque.ovh\/wp-content\/uploads\/2025\/07\/IMG_20250703_212718-2048x1536.jpg 2048w\" sizes=\"(max-width: 1024px) 100vw, 1024px\" \/><\/figure>\n\n\n\n<figure class=\"wp-block-image size-large\"><img decoding=\"async\" width=\"1024\" height=\"768\" data-id=\"834\" src=\"https:\/\/bibliotheque.ovh\/wp-content\/uploads\/2025\/07\/IMG_20250703_211346-1024x768.jpg\" alt=\"\" class=\"wp-image-834\" srcset=\"https:\/\/bibliotheque.ovh\/wp-content\/uploads\/2025\/07\/IMG_20250703_211346-1024x768.jpg 1024w, https:\/\/bibliotheque.ovh\/wp-content\/uploads\/2025\/07\/IMG_20250703_211346-300x225.jpg 300w, https:\/\/bibliotheque.ovh\/wp-content\/uploads\/2025\/07\/IMG_20250703_211346-768x576.jpg 768w, https:\/\/bibliotheque.ovh\/wp-content\/uploads\/2025\/07\/IMG_20250703_211346-1536x1152.jpg 1536w, https:\/\/bibliotheque.ovh\/wp-content\/uploads\/2025\/07\/IMG_20250703_211346-2048x1536.jpg 2048w\" sizes=\"(max-width: 1024px) 100vw, 1024px\" \/><\/figure>\n\n\n\n<figure class=\"wp-block-image size-large\"><img loading=\"lazy\" decoding=\"async\" width=\"1024\" height=\"768\" data-id=\"835\" src=\"https:\/\/bibliotheque.ovh\/wp-content\/uploads\/2025\/07\/IMG_20250703_212253-1024x768.jpg\" alt=\"\" class=\"wp-image-835\" srcset=\"https:\/\/bibliotheque.ovh\/wp-content\/uploads\/2025\/07\/IMG_20250703_212253-1024x768.jpg 1024w, https:\/\/bibliotheque.ovh\/wp-content\/uploads\/2025\/07\/IMG_20250703_212253-300x225.jpg 300w, https:\/\/bibliotheque.ovh\/wp-content\/uploads\/2025\/07\/IMG_20250703_212253-768x576.jpg 768w, https:\/\/bibliotheque.ovh\/wp-content\/uploads\/2025\/07\/IMG_20250703_212253-1536x1152.jpg 1536w, https:\/\/bibliotheque.ovh\/wp-content\/uploads\/2025\/07\/IMG_20250703_212253-2048x1536.jpg 2048w\" sizes=\"(max-width: 1024px) 100vw, 1024px\" \/><\/figure>\n\n\n\n<figure class=\"wp-block-image size-large\"><img loading=\"lazy\" decoding=\"async\" width=\"1024\" height=\"768\" data-id=\"833\" src=\"https:\/\/bibliotheque.ovh\/wp-content\/uploads\/2025\/07\/IMG_20250703_211104-1024x768.jpg\" alt=\"\" class=\"wp-image-833\" srcset=\"https:\/\/bibliotheque.ovh\/wp-content\/uploads\/2025\/07\/IMG_20250703_211104-1024x768.jpg 1024w, https:\/\/bibliotheque.ovh\/wp-content\/uploads\/2025\/07\/IMG_20250703_211104-300x225.jpg 300w, https:\/\/bibliotheque.ovh\/wp-content\/uploads\/2025\/07\/IMG_20250703_211104-768x576.jpg 768w, https:\/\/bibliotheque.ovh\/wp-content\/uploads\/2025\/07\/IMG_20250703_211104-1536x1152.jpg 1536w, https:\/\/bibliotheque.ovh\/wp-content\/uploads\/2025\/07\/IMG_20250703_211104-2048x1536.jpg 2048w\" sizes=\"(max-width: 1024px) 100vw, 1024px\" \/><\/figure>\n\n\n\n<figure class=\"wp-block-image size-large\"><img loading=\"lazy\" decoding=\"async\" width=\"1024\" height=\"768\" data-id=\"832\" src=\"https:\/\/bibliotheque.ovh\/wp-content\/uploads\/2025\/07\/IMG_20250703_211056-1024x768.jpg\" alt=\"\" class=\"wp-image-832\" srcset=\"https:\/\/bibliotheque.ovh\/wp-content\/uploads\/2025\/07\/IMG_20250703_211056-1024x768.jpg 1024w, https:\/\/bibliotheque.ovh\/wp-content\/uploads\/2025\/07\/IMG_20250703_211056-300x225.jpg 300w, https:\/\/bibliotheque.ovh\/wp-content\/uploads\/2025\/07\/IMG_20250703_211056-768x576.jpg 768w, https:\/\/bibliotheque.ovh\/wp-content\/uploads\/2025\/07\/IMG_20250703_211056-1536x1152.jpg 1536w, https:\/\/bibliotheque.ovh\/wp-content\/uploads\/2025\/07\/IMG_20250703_211056-2048x1536.jpg 2048w\" sizes=\"(max-width: 1024px) 100vw, 1024px\" \/><\/figure>\n\n\n\n<figure class=\"wp-block-image size-large\"><img loading=\"lazy\" decoding=\"async\" width=\"1024\" height=\"768\" data-id=\"830\" src=\"https:\/\/bibliotheque.ovh\/wp-content\/uploads\/2025\/07\/IMG_20250703_205153-1024x768.jpg\" alt=\"\" class=\"wp-image-830\" srcset=\"https:\/\/bibliotheque.ovh\/wp-content\/uploads\/2025\/07\/IMG_20250703_205153-1024x768.jpg 1024w, https:\/\/bibliotheque.ovh\/wp-content\/uploads\/2025\/07\/IMG_20250703_205153-300x225.jpg 300w, https:\/\/bibliotheque.ovh\/wp-content\/uploads\/2025\/07\/IMG_20250703_205153-768x576.jpg 768w, https:\/\/bibliotheque.ovh\/wp-content\/uploads\/2025\/07\/IMG_20250703_205153-1536x1152.jpg 1536w, https:\/\/bibliotheque.ovh\/wp-content\/uploads\/2025\/07\/IMG_20250703_205153-2048x1536.jpg 2048w\" sizes=\"(max-width: 1024px) 100vw, 1024px\" \/><\/figure>\n\n\n\n<figure class=\"wp-block-image size-large\"><img loading=\"lazy\" decoding=\"async\" width=\"1024\" height=\"768\" data-id=\"831\" src=\"https:\/\/bibliotheque.ovh\/wp-content\/uploads\/2025\/07\/IMG_20250703_205207-1024x768.jpg\" alt=\"\" class=\"wp-image-831\" srcset=\"https:\/\/bibliotheque.ovh\/wp-content\/uploads\/2025\/07\/IMG_20250703_205207-1024x768.jpg 1024w, https:\/\/bibliotheque.ovh\/wp-content\/uploads\/2025\/07\/IMG_20250703_205207-300x225.jpg 300w, https:\/\/bibliotheque.ovh\/wp-content\/uploads\/2025\/07\/IMG_20250703_205207-768x576.jpg 768w, https:\/\/bibliotheque.ovh\/wp-content\/uploads\/2025\/07\/IMG_20250703_205207-1536x1152.jpg 1536w, https:\/\/bibliotheque.ovh\/wp-content\/uploads\/2025\/07\/IMG_20250703_205207-2048x1536.jpg 2048w\" sizes=\"(max-width: 1024px) 100vw, 1024px\" \/><\/figure>\n\n\n\n<figure class=\"wp-block-image size-large\"><img loading=\"lazy\" decoding=\"async\" width=\"1024\" height=\"768\" data-id=\"823\" src=\"https:\/\/bibliotheque.ovh\/wp-content\/uploads\/2025\/07\/IMG_20250703_194139-1024x768.jpg\" alt=\"\" class=\"wp-image-823\" srcset=\"https:\/\/bibliotheque.ovh\/wp-content\/uploads\/2025\/07\/IMG_20250703_194139-1024x768.jpg 1024w, https:\/\/bibliotheque.ovh\/wp-content\/uploads\/2025\/07\/IMG_20250703_194139-300x225.jpg 300w, https:\/\/bibliotheque.ovh\/wp-content\/uploads\/2025\/07\/IMG_20250703_194139-768x576.jpg 768w, https:\/\/bibliotheque.ovh\/wp-content\/uploads\/2025\/07\/IMG_20250703_194139-1536x1152.jpg 1536w, https:\/\/bibliotheque.ovh\/wp-content\/uploads\/2025\/07\/IMG_20250703_194139-2048x1536.jpg 2048w\" sizes=\"(max-width: 1024px) 100vw, 1024px\" \/><\/figure>\n\n\n\n<figure class=\"wp-block-image size-large\"><img loading=\"lazy\" decoding=\"async\" width=\"1024\" height=\"768\" data-id=\"824\" src=\"https:\/\/bibliotheque.ovh\/wp-content\/uploads\/2025\/07\/IMG_20250703_194143-1024x768.jpg\" alt=\"\" class=\"wp-image-824\" srcset=\"https:\/\/bibliotheque.ovh\/wp-content\/uploads\/2025\/07\/IMG_20250703_194143-1024x768.jpg 1024w, https:\/\/bibliotheque.ovh\/wp-content\/uploads\/2025\/07\/IMG_20250703_194143-300x225.jpg 300w, https:\/\/bibliotheque.ovh\/wp-content\/uploads\/2025\/07\/IMG_20250703_194143-768x576.jpg 768w, https:\/\/bibliotheque.ovh\/wp-content\/uploads\/2025\/07\/IMG_20250703_194143-1536x1152.jpg 1536w, https:\/\/bibliotheque.ovh\/wp-content\/uploads\/2025\/07\/IMG_20250703_194143-2048x1536.jpg 2048w\" sizes=\"(max-width: 1024px) 100vw, 1024px\" \/><\/figure>\n\n\n\n<figure class=\"wp-block-image size-large\"><img loading=\"lazy\" decoding=\"async\" width=\"1024\" height=\"768\" data-id=\"825\" src=\"https:\/\/bibliotheque.ovh\/wp-content\/uploads\/2025\/07\/IMG_20250703_200609-1024x768.jpg\" alt=\"\" class=\"wp-image-825\" srcset=\"https:\/\/bibliotheque.ovh\/wp-content\/uploads\/2025\/07\/IMG_20250703_200609-1024x768.jpg 1024w, https:\/\/bibliotheque.ovh\/wp-content\/uploads\/2025\/07\/IMG_20250703_200609-300x225.jpg 300w, https:\/\/bibliotheque.ovh\/wp-content\/uploads\/2025\/07\/IMG_20250703_200609-768x576.jpg 768w, https:\/\/bibliotheque.ovh\/wp-content\/uploads\/2025\/07\/IMG_20250703_200609-1536x1152.jpg 1536w, https:\/\/bibliotheque.ovh\/wp-content\/uploads\/2025\/07\/IMG_20250703_200609-2048x1536.jpg 2048w\" sizes=\"(max-width: 1024px) 100vw, 1024px\" \/><\/figure>\n\n\n\n<figure class=\"wp-block-image size-large\"><img loading=\"lazy\" decoding=\"async\" width=\"1024\" height=\"768\" data-id=\"826\" src=\"https:\/\/bibliotheque.ovh\/wp-content\/uploads\/2025\/07\/IMG_20250703_200621-1024x768.jpg\" alt=\"\" class=\"wp-image-826\" srcset=\"https:\/\/bibliotheque.ovh\/wp-content\/uploads\/2025\/07\/IMG_20250703_200621-1024x768.jpg 1024w, https:\/\/bibliotheque.ovh\/wp-content\/uploads\/2025\/07\/IMG_20250703_200621-300x225.jpg 300w, https:\/\/bibliotheque.ovh\/wp-content\/uploads\/2025\/07\/IMG_20250703_200621-768x576.jpg 768w, https:\/\/bibliotheque.ovh\/wp-content\/uploads\/2025\/07\/IMG_20250703_200621-1536x1152.jpg 1536w, https:\/\/bibliotheque.ovh\/wp-content\/uploads\/2025\/07\/IMG_20250703_200621-2048x1536.jpg 2048w\" sizes=\"(max-width: 1024px) 100vw, 1024px\" \/><\/figure>\n\n\n\n<figure class=\"wp-block-image size-large\"><img loading=\"lazy\" decoding=\"async\" width=\"1024\" height=\"768\" data-id=\"827\" src=\"https:\/\/bibliotheque.ovh\/wp-content\/uploads\/2025\/07\/IMG_20250703_202937-1024x768.jpg\" alt=\"\" class=\"wp-image-827\" srcset=\"https:\/\/bibliotheque.ovh\/wp-content\/uploads\/2025\/07\/IMG_20250703_202937-1024x768.jpg 1024w, https:\/\/bibliotheque.ovh\/wp-content\/uploads\/2025\/07\/IMG_20250703_202937-300x225.jpg 300w, https:\/\/bibliotheque.ovh\/wp-content\/uploads\/2025\/07\/IMG_20250703_202937-768x576.jpg 768w, https:\/\/bibliotheque.ovh\/wp-content\/uploads\/2025\/07\/IMG_20250703_202937-1536x1152.jpg 1536w, https:\/\/bibliotheque.ovh\/wp-content\/uploads\/2025\/07\/IMG_20250703_202937-2048x1536.jpg 2048w\" sizes=\"(max-width: 1024px) 100vw, 1024px\" \/><\/figure>\n\n\n\n<figure class=\"wp-block-image size-large\"><img loading=\"lazy\" decoding=\"async\" width=\"1024\" height=\"768\" data-id=\"828\" src=\"https:\/\/bibliotheque.ovh\/wp-content\/uploads\/2025\/07\/IMG_20250703_202941-1024x768.jpg\" alt=\"\" class=\"wp-image-828\" srcset=\"https:\/\/bibliotheque.ovh\/wp-content\/uploads\/2025\/07\/IMG_20250703_202941-1024x768.jpg 1024w, https:\/\/bibliotheque.ovh\/wp-content\/uploads\/2025\/07\/IMG_20250703_202941-300x225.jpg 300w, https:\/\/bibliotheque.ovh\/wp-content\/uploads\/2025\/07\/IMG_20250703_202941-768x576.jpg 768w, https:\/\/bibliotheque.ovh\/wp-content\/uploads\/2025\/07\/IMG_20250703_202941-1536x1152.jpg 1536w, https:\/\/bibliotheque.ovh\/wp-content\/uploads\/2025\/07\/IMG_20250703_202941-2048x1536.jpg 2048w\" sizes=\"(max-width: 1024px) 100vw, 1024px\" \/><\/figure>\n\n\n\n<figure class=\"wp-block-image size-large\"><img loading=\"lazy\" decoding=\"async\" width=\"1024\" height=\"768\" data-id=\"829\" src=\"https:\/\/bibliotheque.ovh\/wp-content\/uploads\/2025\/07\/IMG_20250703_205147-1024x768.jpg\" alt=\"\" class=\"wp-image-829\" srcset=\"https:\/\/bibliotheque.ovh\/wp-content\/uploads\/2025\/07\/IMG_20250703_205147-1024x768.jpg 1024w, https:\/\/bibliotheque.ovh\/wp-content\/uploads\/2025\/07\/IMG_20250703_205147-300x225.jpg 300w, https:\/\/bibliotheque.ovh\/wp-content\/uploads\/2025\/07\/IMG_20250703_205147-768x576.jpg 768w, https:\/\/bibliotheque.ovh\/wp-content\/uploads\/2025\/07\/IMG_20250703_205147-1536x1152.jpg 1536w, https:\/\/bibliotheque.ovh\/wp-content\/uploads\/2025\/07\/IMG_20250703_205147-2048x1536.jpg 2048w\" sizes=\"(max-width: 1024px) 100vw, 1024px\" \/><\/figure>\n<\/figure>\n","protected":false},"excerpt":{"rendered":"<p>Pour cette nouvelle saison de randos sur les Monts d\u2019Aunay, pas moins de quarante participants se sont \u00e9lanc\u00e9s depuis le seuil de l\u2019ancienne \u00e9cole de Danvou et la Ferri\u00e8re du Val. L\u2019imp\u00e9ratif \u00e9tant de rentrer avant la nuit, afin de limiter le kilom\u00e9trage, nous avions d\u00e9cid\u00e9 de partir sur la RD 26 (axe Aunay\/Vassy), plut\u00f4t que de se diriger vers le ch\u00e2teau de Danvou donc. Cette route de 1144m\u00e8tres, not\u00e9e ainsi sur le cadastre de 1811, croise celle venant du Plessis-Grimoult ; nous la prenons sur quelques dizaines de m\u00e8tres avant d\u2019entrer dans le chemin rural du Bois de Chantepie. Certains chiens qui nous accompagnaient sont lib\u00e9r\u00e9s et profitent bien de leur libert\u00e9. Nous franchissons le ruisseau du Buisson et entrons sur le territoire d\u2019Ondefontaine, par un des rares chemins ruraux subsistant sur cette commune. Nous arrivons \u00e0 la croix par le chemin des Mini\u00e8res. En face le chemin d\u00e9nomm\u00e9 la Rue du Pont permet d\u2019\u00e9viter la route pour se rendre \u00e0 la Toque puis au Buisson. Cette d\u00e9nomination de Rue du Pont permet d\u2019affirmer qu\u2019au moyen-\u00e2ge cet axe \u00e9tait fr\u00e9quent\u00e9, peupl\u00e9, entre Clamesnil et la Roguerie (Roquerie). Sans doute que les p\u00e8lerinages et la v\u00e9n\u00e9ration \u00e0 St C\u00e9lerin \u00e0 quelques pas (sur Roucamps) n\u2019y sont pas \u00e9trangers. Retour sur Danvou et sur la RD 26 pour 300m, direction les Hauts Vents. Par le chemin de la Ferri\u00e8re \u00e0 Ondefontaine nous franchissons la passerelle sur la Druance (la rivi\u00e8re des druides). Nous d\u00e9bouchons face \u00e0 l\u2019ancien presbyt\u00e8re de la Ferri\u00e8re du Val. Celui-ci a br\u00fbl\u00e9 derni\u00e8rement. Cet endroit permet \u00e0 certains participants de se rem\u00e9morer leur enfance, ayant v\u00e9cu dans ce lieu transform\u00e9 en mairie et maison. Nous passons devant l\u2019\u00e9glise d\u00e9sacralis\u00e9e, puis rejoignons le pont de l\u2019ancien moulin, \u00e0 la grotte. Un chemin m\u00e8ne au cottage ; la demeure rayonnait par le soleil couchant. Nous d\u00e9bouchons \u00e0 l\u2019antenne, sur le chemin de Danvou \u00e0 Ondefontaine, pour terminer ce p\u00e9riple de 8,7 kms. De bonnes discussions dans la bonne humeur autour d\u2019un pot de l\u2019amiti\u00e9 permet de clore la premi\u00e8re lev\u00e9e de notre triptyque estival.<\/p>\n","protected":false},"author":1,"featured_media":0,"parent":0,"menu_order":0,"comment_status":"closed","ping_status":"closed","template":"","meta":{"footnotes":""},"class_list":["post-848","page","type-page","status-publish","hentry"],"_links":{"self":[{"href":"https:\/\/bibliotheque.ovh\/index.php?rest_route=\/wp\/v2\/pages\/848","targetHints":{"allow":["GET"]}}],"collection":[{"href":"https:\/\/bibliotheque.ovh\/index.php?rest_route=\/wp\/v2\/pages"}],"about":[{"href":"https:\/\/bibliotheque.ovh\/index.php?rest_route=\/wp\/v2\/types\/page"}],"author":[{"embeddable":true,"href":"https:\/\/bibliotheque.ovh\/index.php?rest_route=\/wp\/v2\/users\/1"}],"replies":[{"embeddable":true,"href":"https:\/\/bibliotheque.ovh\/index.php?rest_route=%2Fwp%2Fv2%2Fcomments&post=848"}],"version-history":[{"count":1,"href":"https:\/\/bibliotheque.ovh\/index.php?rest_route=\/wp\/v2\/pages\/848\/revisions"}],"predecessor-version":[{"id":849,"href":"https:\/\/bibliotheque.ovh\/index.php?rest_route=\/wp\/v2\/pages\/848\/revisions\/849"}],"wp:attachment":[{"href":"https:\/\/bibliotheque.ovh\/index.php?rest_route=%2Fwp%2Fv2%2Fmedia&parent=848"}],"curies":[{"name":"wp","href":"https:\/\/api.w.org\/{rel}","templated":true}]}}