{"id":866,"date":"2025-08-11T22:03:39","date_gmt":"2025-08-11T20:03:39","guid":{"rendered":"https:\/\/bibliotheque.ovh\/?page_id=866"},"modified":"2025-08-11T22:06:54","modified_gmt":"2025-08-11T20:06:54","slug":"randonnee-campandre-valcongrain-7-8-2025","status":"publish","type":"page","link":"https:\/\/bibliotheque.ovh\/?page_id=866","title":{"rendered":"Randonn\u00e9e Campandr\u00e9 Valcongrain 7\/8\/25"},"content":{"rendered":"\n<p><\/p>\n\n\n\n<p>Pour cette sortie estivale, \u00e0 nouveau, 42 randonneuses et randonneurs avaient r\u00e9pondu pr\u00e9sent. Ce circuit de 7,7 kms dont 6 sur des chemins partait depuis l\u2019\u00e9glise de Campandr\u00e9-Valcongrain, au pied de la borne de concession mini\u00e8re.<\/p>\n\n\n\n<p>Par la RD 211 nous arrivons au Brifou ; quelques m\u00e8tres sur le territoire du Plessis puis, en face de l\u2019ancienne bo\u00eete de nuit \u00ab le mandragore \u00bb, nous entrons dans Roucamps par le chemin de Campandr\u00e9 \u00e0 Ondefontaine. Par la mont\u00e9e dans le chemin, ass\u00e9ch\u00e9 \u00e0 cette p\u00e9riode et \u00ab d\u00e9ronc\u00e9 \u00bb par quelques randonneurs, nomm\u00e9 du Postil \u00e0 Valcongrain nous d\u00e9bouchons dans celui de Valcongrain \u00e0 la Bruy\u00e8re, \u00e0 l\u2019or\u00e9e de la for\u00eat et mitoyen avec Bonnemaison. Dans cette localit\u00e9 nous plongeons vers la Petite Suhardi\u00e8re.<\/p>\n\n\n\n<p>Au bas de cette for\u00eat domaniale de Valcongrain, un long sentier se termine sur la route de Vingt-Bec, du nom du ruisseau (\u00e9tymologiquement, \u00ab vingt \u00bb pour vine, la vigne et \u00ab bec \u00bb ruisseau, en scandinave,, donc \u00ab le ruisseau du vignon \u00bb. Signalons qu\u2019il est grossi par le ruisseau de la Raide Sente (not\u00e9 quelquefois Redescente).<\/p>\n\n\n\n<p>Par le chemin d\u2019exploitation, \u00e0 un croisement, nous remontons assez longuement mais s\u00fbrement et quittons Valcongrain au fa\u00eete, entre les bois de Vingt-Bec et du Mont d\u2019Ancre (mont de Lencque).<\/p>\n\n\n\n<p>Lors de cette sortie nous avons, pour la s\u00e9curit\u00e9 de tous, inaugur\u00e9 des bandeaux lumineux \u00e0 led (rechargeables usb).<\/p>\n\n\n\n<p><\/p>\n\n\n\n<figure class=\"wp-block-gallery has-nested-images columns-default is-cropped wp-block-gallery-1 is-layout-flex wp-block-gallery-is-layout-flex\">\n<figure class=\"wp-block-image size-large\"><img fetchpriority=\"high\" decoding=\"async\" width=\"1024\" height=\"768\" data-id=\"864\" src=\"https:\/\/bibliotheque.ovh\/wp-content\/uploads\/2025\/08\/IMG_20250807_210839-1024x768.jpg\" alt=\"\" class=\"wp-image-864\" srcset=\"https:\/\/bibliotheque.ovh\/wp-content\/uploads\/2025\/08\/IMG_20250807_210839-1024x768.jpg 1024w, https:\/\/bibliotheque.ovh\/wp-content\/uploads\/2025\/08\/IMG_20250807_210839-300x225.jpg 300w, https:\/\/bibliotheque.ovh\/wp-content\/uploads\/2025\/08\/IMG_20250807_210839-768x576.jpg 768w, https:\/\/bibliotheque.ovh\/wp-content\/uploads\/2025\/08\/IMG_20250807_210839-1536x1152.jpg 1536w, https:\/\/bibliotheque.ovh\/wp-content\/uploads\/2025\/08\/IMG_20250807_210839-2048x1536.jpg 2048w\" sizes=\"(max-width: 1024px) 100vw, 1024px\" \/><\/figure>\n\n\n\n<figure class=\"wp-block-image size-large\"><img decoding=\"async\" width=\"1024\" height=\"768\" data-id=\"863\" src=\"https:\/\/bibliotheque.ovh\/wp-content\/uploads\/2025\/08\/IMG_20250807_210823-1024x768.jpg\" alt=\"\" class=\"wp-image-863\" srcset=\"https:\/\/bibliotheque.ovh\/wp-content\/uploads\/2025\/08\/IMG_20250807_210823-1024x768.jpg 1024w, https:\/\/bibliotheque.ovh\/wp-content\/uploads\/2025\/08\/IMG_20250807_210823-300x225.jpg 300w, https:\/\/bibliotheque.ovh\/wp-content\/uploads\/2025\/08\/IMG_20250807_210823-768x576.jpg 768w, https:\/\/bibliotheque.ovh\/wp-content\/uploads\/2025\/08\/IMG_20250807_210823-1536x1152.jpg 1536w, https:\/\/bibliotheque.ovh\/wp-content\/uploads\/2025\/08\/IMG_20250807_210823-2048x1536.jpg 2048w\" sizes=\"(max-width: 1024px) 100vw, 1024px\" \/><\/figure>\n\n\n\n<figure class=\"wp-block-image size-large\"><img decoding=\"async\" width=\"1024\" height=\"768\" data-id=\"862\" src=\"https:\/\/bibliotheque.ovh\/wp-content\/uploads\/2025\/08\/IMG_20250807_203642-1024x768.jpg\" alt=\"\" class=\"wp-image-862\" srcset=\"https:\/\/bibliotheque.ovh\/wp-content\/uploads\/2025\/08\/IMG_20250807_203642-1024x768.jpg 1024w, https:\/\/bibliotheque.ovh\/wp-content\/uploads\/2025\/08\/IMG_20250807_203642-300x225.jpg 300w, https:\/\/bibliotheque.ovh\/wp-content\/uploads\/2025\/08\/IMG_20250807_203642-768x576.jpg 768w, https:\/\/bibliotheque.ovh\/wp-content\/uploads\/2025\/08\/IMG_20250807_203642-1536x1152.jpg 1536w, https:\/\/bibliotheque.ovh\/wp-content\/uploads\/2025\/08\/IMG_20250807_203642-2048x1536.jpg 2048w\" sizes=\"(max-width: 1024px) 100vw, 1024px\" \/><\/figure>\n\n\n\n<figure class=\"wp-block-image size-large\"><img loading=\"lazy\" decoding=\"async\" width=\"1024\" height=\"768\" data-id=\"861\" src=\"https:\/\/bibliotheque.ovh\/wp-content\/uploads\/2025\/08\/IMG_20250807_203637-1024x768.jpg\" alt=\"\" class=\"wp-image-861\" srcset=\"https:\/\/bibliotheque.ovh\/wp-content\/uploads\/2025\/08\/IMG_20250807_203637-1024x768.jpg 1024w, https:\/\/bibliotheque.ovh\/wp-content\/uploads\/2025\/08\/IMG_20250807_203637-300x225.jpg 300w, https:\/\/bibliotheque.ovh\/wp-content\/uploads\/2025\/08\/IMG_20250807_203637-768x576.jpg 768w, https:\/\/bibliotheque.ovh\/wp-content\/uploads\/2025\/08\/IMG_20250807_203637-1536x1152.jpg 1536w, https:\/\/bibliotheque.ovh\/wp-content\/uploads\/2025\/08\/IMG_20250807_203637-2048x1536.jpg 2048w\" sizes=\"(max-width: 1024px) 100vw, 1024px\" \/><\/figure>\n\n\n\n<figure class=\"wp-block-image size-large\"><img loading=\"lazy\" decoding=\"async\" width=\"1024\" height=\"768\" data-id=\"860\" src=\"https:\/\/bibliotheque.ovh\/wp-content\/uploads\/2025\/08\/IMG_20250807_203633-1024x768.jpg\" alt=\"\" class=\"wp-image-860\" srcset=\"https:\/\/bibliotheque.ovh\/wp-content\/uploads\/2025\/08\/IMG_20250807_203633-1024x768.jpg 1024w, https:\/\/bibliotheque.ovh\/wp-content\/uploads\/2025\/08\/IMG_20250807_203633-300x225.jpg 300w, https:\/\/bibliotheque.ovh\/wp-content\/uploads\/2025\/08\/IMG_20250807_203633-768x576.jpg 768w, https:\/\/bibliotheque.ovh\/wp-content\/uploads\/2025\/08\/IMG_20250807_203633-1536x1152.jpg 1536w, https:\/\/bibliotheque.ovh\/wp-content\/uploads\/2025\/08\/IMG_20250807_203633-2048x1536.jpg 2048w\" sizes=\"(max-width: 1024px) 100vw, 1024px\" \/><\/figure>\n\n\n\n<figure class=\"wp-block-image size-large\"><img loading=\"lazy\" decoding=\"async\" width=\"1024\" height=\"768\" data-id=\"859\" src=\"https:\/\/bibliotheque.ovh\/wp-content\/uploads\/2025\/08\/IMG_20250807_202526-1024x768.jpg\" alt=\"\" class=\"wp-image-859\" srcset=\"https:\/\/bibliotheque.ovh\/wp-content\/uploads\/2025\/08\/IMG_20250807_202526-1024x768.jpg 1024w, https:\/\/bibliotheque.ovh\/wp-content\/uploads\/2025\/08\/IMG_20250807_202526-300x225.jpg 300w, https:\/\/bibliotheque.ovh\/wp-content\/uploads\/2025\/08\/IMG_20250807_202526-768x576.jpg 768w, https:\/\/bibliotheque.ovh\/wp-content\/uploads\/2025\/08\/IMG_20250807_202526-1536x1152.jpg 1536w, https:\/\/bibliotheque.ovh\/wp-content\/uploads\/2025\/08\/IMG_20250807_202526-2048x1536.jpg 2048w\" sizes=\"(max-width: 1024px) 100vw, 1024px\" \/><\/figure>\n\n\n\n<figure class=\"wp-block-image size-large\"><img loading=\"lazy\" decoding=\"async\" width=\"1024\" height=\"768\" data-id=\"858\" src=\"https:\/\/bibliotheque.ovh\/wp-content\/uploads\/2025\/08\/IMG_20250807_202443-1024x768.jpg\" alt=\"\" class=\"wp-image-858\" srcset=\"https:\/\/bibliotheque.ovh\/wp-content\/uploads\/2025\/08\/IMG_20250807_202443-1024x768.jpg 1024w, https:\/\/bibliotheque.ovh\/wp-content\/uploads\/2025\/08\/IMG_20250807_202443-300x225.jpg 300w, https:\/\/bibliotheque.ovh\/wp-content\/uploads\/2025\/08\/IMG_20250807_202443-768x576.jpg 768w, https:\/\/bibliotheque.ovh\/wp-content\/uploads\/2025\/08\/IMG_20250807_202443-1536x1152.jpg 1536w, https:\/\/bibliotheque.ovh\/wp-content\/uploads\/2025\/08\/IMG_20250807_202443-2048x1536.jpg 2048w\" sizes=\"(max-width: 1024px) 100vw, 1024px\" \/><\/figure>\n\n\n\n<figure class=\"wp-block-image size-large\"><img loading=\"lazy\" decoding=\"async\" width=\"1024\" height=\"768\" data-id=\"857\" src=\"https:\/\/bibliotheque.ovh\/wp-content\/uploads\/2025\/08\/IMG_20250807_201146-1024x768.jpg\" alt=\"\" class=\"wp-image-857\" srcset=\"https:\/\/bibliotheque.ovh\/wp-content\/uploads\/2025\/08\/IMG_20250807_201146-1024x768.jpg 1024w, https:\/\/bibliotheque.ovh\/wp-content\/uploads\/2025\/08\/IMG_20250807_201146-300x225.jpg 300w, https:\/\/bibliotheque.ovh\/wp-content\/uploads\/2025\/08\/IMG_20250807_201146-768x576.jpg 768w, https:\/\/bibliotheque.ovh\/wp-content\/uploads\/2025\/08\/IMG_20250807_201146-1536x1152.jpg 1536w, https:\/\/bibliotheque.ovh\/wp-content\/uploads\/2025\/08\/IMG_20250807_201146-2048x1536.jpg 2048w\" sizes=\"(max-width: 1024px) 100vw, 1024px\" \/><\/figure>\n\n\n\n<figure class=\"wp-block-image size-large\"><img loading=\"lazy\" decoding=\"async\" width=\"1024\" height=\"768\" data-id=\"856\" src=\"https:\/\/bibliotheque.ovh\/wp-content\/uploads\/2025\/08\/IMG_20250807_200148-1024x768.jpg\" alt=\"\" class=\"wp-image-856\" srcset=\"https:\/\/bibliotheque.ovh\/wp-content\/uploads\/2025\/08\/IMG_20250807_200148-1024x768.jpg 1024w, https:\/\/bibliotheque.ovh\/wp-content\/uploads\/2025\/08\/IMG_20250807_200148-300x225.jpg 300w, https:\/\/bibliotheque.ovh\/wp-content\/uploads\/2025\/08\/IMG_20250807_200148-768x576.jpg 768w, https:\/\/bibliotheque.ovh\/wp-content\/uploads\/2025\/08\/IMG_20250807_200148-1536x1152.jpg 1536w, https:\/\/bibliotheque.ovh\/wp-content\/uploads\/2025\/08\/IMG_20250807_200148-2048x1536.jpg 2048w\" sizes=\"(max-width: 1024px) 100vw, 1024px\" \/><\/figure>\n\n\n\n<figure class=\"wp-block-image size-large\"><img loading=\"lazy\" decoding=\"async\" width=\"1024\" height=\"768\" data-id=\"855\" src=\"https:\/\/bibliotheque.ovh\/wp-content\/uploads\/2025\/08\/IMG_20250807_200142-1024x768.jpg\" alt=\"\" class=\"wp-image-855\" srcset=\"https:\/\/bibliotheque.ovh\/wp-content\/uploads\/2025\/08\/IMG_20250807_200142-1024x768.jpg 1024w, https:\/\/bibliotheque.ovh\/wp-content\/uploads\/2025\/08\/IMG_20250807_200142-300x225.jpg 300w, https:\/\/bibliotheque.ovh\/wp-content\/uploads\/2025\/08\/IMG_20250807_200142-768x576.jpg 768w, https:\/\/bibliotheque.ovh\/wp-content\/uploads\/2025\/08\/IMG_20250807_200142-1536x1152.jpg 1536w, https:\/\/bibliotheque.ovh\/wp-content\/uploads\/2025\/08\/IMG_20250807_200142-2048x1536.jpg 2048w\" sizes=\"(max-width: 1024px) 100vw, 1024px\" \/><\/figure>\n\n\n\n<figure class=\"wp-block-image size-large\"><img loading=\"lazy\" decoding=\"async\" width=\"1024\" height=\"768\" data-id=\"854\" src=\"https:\/\/bibliotheque.ovh\/wp-content\/uploads\/2025\/08\/IMG_20250807_194316-1024x768.jpg\" alt=\"\" class=\"wp-image-854\" srcset=\"https:\/\/bibliotheque.ovh\/wp-content\/uploads\/2025\/08\/IMG_20250807_194316-1024x768.jpg 1024w, https:\/\/bibliotheque.ovh\/wp-content\/uploads\/2025\/08\/IMG_20250807_194316-300x225.jpg 300w, https:\/\/bibliotheque.ovh\/wp-content\/uploads\/2025\/08\/IMG_20250807_194316-768x576.jpg 768w, https:\/\/bibliotheque.ovh\/wp-content\/uploads\/2025\/08\/IMG_20250807_194316-1536x1152.jpg 1536w, https:\/\/bibliotheque.ovh\/wp-content\/uploads\/2025\/08\/IMG_20250807_194316-2048x1536.jpg 2048w\" sizes=\"(max-width: 1024px) 100vw, 1024px\" \/><\/figure>\n\n\n\n<figure class=\"wp-block-image size-large\"><img loading=\"lazy\" decoding=\"async\" width=\"1024\" height=\"768\" data-id=\"853\" src=\"https:\/\/bibliotheque.ovh\/wp-content\/uploads\/2025\/08\/IMG_20250807_194308-1024x768.jpg\" alt=\"\" class=\"wp-image-853\" srcset=\"https:\/\/bibliotheque.ovh\/wp-content\/uploads\/2025\/08\/IMG_20250807_194308-1024x768.jpg 1024w, https:\/\/bibliotheque.ovh\/wp-content\/uploads\/2025\/08\/IMG_20250807_194308-300x225.jpg 300w, https:\/\/bibliotheque.ovh\/wp-content\/uploads\/2025\/08\/IMG_20250807_194308-768x576.jpg 768w, https:\/\/bibliotheque.ovh\/wp-content\/uploads\/2025\/08\/IMG_20250807_194308-1536x1152.jpg 1536w, https:\/\/bibliotheque.ovh\/wp-content\/uploads\/2025\/08\/IMG_20250807_194308-2048x1536.jpg 2048w\" sizes=\"(max-width: 1024px) 100vw, 1024px\" \/><\/figure>\n\n\n\n<figure class=\"wp-block-image size-large\"><img loading=\"lazy\" decoding=\"async\" width=\"1024\" height=\"529\" data-id=\"865\" src=\"https:\/\/bibliotheque.ovh\/wp-content\/uploads\/2025\/08\/image_2025-08-09_083942778-1024x529.png\" alt=\"\" class=\"wp-image-865\" srcset=\"https:\/\/bibliotheque.ovh\/wp-content\/uploads\/2025\/08\/image_2025-08-09_083942778-1024x529.png 1024w, https:\/\/bibliotheque.ovh\/wp-content\/uploads\/2025\/08\/image_2025-08-09_083942778-300x155.png 300w, https:\/\/bibliotheque.ovh\/wp-content\/uploads\/2025\/08\/image_2025-08-09_083942778-768x397.png 768w, https:\/\/bibliotheque.ovh\/wp-content\/uploads\/2025\/08\/image_2025-08-09_083942778.png 1075w\" sizes=\"(max-width: 1024px) 100vw, 1024px\" \/><\/figure>\n<\/figure>\n","protected":false},"excerpt":{"rendered":"<p>Pour cette sortie estivale, \u00e0 nouveau, 42 randonneuses et randonneurs avaient r\u00e9pondu pr\u00e9sent. Ce circuit de 7,7 kms dont 6 sur des chemins partait depuis l\u2019\u00e9glise de Campandr\u00e9-Valcongrain, au pied de la borne de concession mini\u00e8re. Par la RD 211 nous arrivons au Brifou ; quelques m\u00e8tres sur le territoire du Plessis puis, en face de l\u2019ancienne bo\u00eete de nuit \u00ab le mandragore \u00bb, nous entrons dans Roucamps par le chemin de Campandr\u00e9 \u00e0 Ondefontaine. Par la mont\u00e9e dans le chemin, ass\u00e9ch\u00e9 \u00e0 cette p\u00e9riode et \u00ab d\u00e9ronc\u00e9 \u00bb par quelques randonneurs, nomm\u00e9 du Postil \u00e0 Valcongrain nous d\u00e9bouchons dans celui de Valcongrain \u00e0 la Bruy\u00e8re, \u00e0 l\u2019or\u00e9e de la for\u00eat et mitoyen avec Bonnemaison. Dans cette localit\u00e9 nous plongeons vers la Petite Suhardi\u00e8re. Au bas de cette for\u00eat domaniale de Valcongrain, un long sentier se termine sur la route de Vingt-Bec, du nom du ruisseau (\u00e9tymologiquement, \u00ab vingt \u00bb pour vine, la vigne et \u00ab bec \u00bb ruisseau, en scandinave,, donc \u00ab le ruisseau du vignon \u00bb. Signalons qu\u2019il est grossi par le ruisseau de la Raide Sente (not\u00e9 quelquefois Redescente). Par le chemin d\u2019exploitation, \u00e0 un croisement, nous remontons assez longuement mais s\u00fbrement et quittons Valcongrain au fa\u00eete, entre les bois de Vingt-Bec et du Mont d\u2019Ancre (mont de Lencque). Lors de cette sortie nous avons, pour la s\u00e9curit\u00e9 de tous, inaugur\u00e9 des bandeaux lumineux \u00e0 led (rechargeables usb).<\/p>\n","protected":false},"author":1,"featured_media":0,"parent":0,"menu_order":0,"comment_status":"closed","ping_status":"closed","template":"","meta":{"footnotes":""},"class_list":["post-866","page","type-page","status-publish","hentry"],"_links":{"self":[{"href":"https:\/\/bibliotheque.ovh\/index.php?rest_route=\/wp\/v2\/pages\/866","targetHints":{"allow":["GET"]}}],"collection":[{"href":"https:\/\/bibliotheque.ovh\/index.php?rest_route=\/wp\/v2\/pages"}],"about":[{"href":"https:\/\/bibliotheque.ovh\/index.php?rest_route=\/wp\/v2\/types\/page"}],"author":[{"embeddable":true,"href":"https:\/\/bibliotheque.ovh\/index.php?rest_route=\/wp\/v2\/users\/1"}],"replies":[{"embeddable":true,"href":"https:\/\/bibliotheque.ovh\/index.php?rest_route=%2Fwp%2Fv2%2Fcomments&post=866"}],"version-history":[{"count":3,"href":"https:\/\/bibliotheque.ovh\/index.php?rest_route=\/wp\/v2\/pages\/866\/revisions"}],"predecessor-version":[{"id":870,"href":"https:\/\/bibliotheque.ovh\/index.php?rest_route=\/wp\/v2\/pages\/866\/revisions\/870"}],"wp:attachment":[{"href":"https:\/\/bibliotheque.ovh\/index.php?rest_route=%2Fwp%2Fv2%2Fmedia&parent=866"}],"curies":[{"name":"wp","href":"https:\/\/api.w.org\/{rel}","templated":true}]}}