{"id":980,"date":"2026-02-24T22:32:16","date_gmt":"2026-02-24T21:32:16","guid":{"rendered":"https:\/\/bibliotheque.ovh\/?page_id=980"},"modified":"2026-02-24T22:43:04","modified_gmt":"2026-02-24T21:43:04","slug":"atelier-briques-2","status":"publish","type":"page","link":"https:\/\/bibliotheque.ovh\/?page_id=980","title":{"rendered":"Atelier briques"},"content":{"rendered":"\n<p><\/p>\n\n\n\n<p>L\u2019association lire et loisirs a accueillis au sein de ses locaux plusieurs ateliers briques les mercredis apr\u00e8s midi et adultes les samedis matin anim\u00e9 par G\u00e9rard.<\/p>\n\n\n\n<p><\/p>\n\n\n\n<figure class=\"wp-block-image size-large\"><img fetchpriority=\"high\" decoding=\"async\" width=\"768\" height=\"1024\" src=\"https:\/\/bibliotheque.ovh\/wp-content\/uploads\/2026\/02\/IMG_20260224_221446-768x1024.jpg\" alt=\"\" class=\"wp-image-986\" srcset=\"https:\/\/bibliotheque.ovh\/wp-content\/uploads\/2026\/02\/IMG_20260224_221446-768x1024.jpg 768w, https:\/\/bibliotheque.ovh\/wp-content\/uploads\/2026\/02\/IMG_20260224_221446-225x300.jpg 225w, https:\/\/bibliotheque.ovh\/wp-content\/uploads\/2026\/02\/IMG_20260224_221446-1152x1536.jpg 1152w, https:\/\/bibliotheque.ovh\/wp-content\/uploads\/2026\/02\/IMG_20260224_221446.jpg 1536w\" sizes=\"(max-width: 768px) 100vw, 768px\" \/><\/figure>\n\n\n\n<figure class=\"wp-block-gallery has-nested-images columns-default is-cropped wp-block-gallery-1 is-layout-flex wp-block-gallery-is-layout-flex\">\n<figure class=\"wp-block-image size-large\"><img decoding=\"async\" width=\"768\" height=\"1024\" data-id=\"985\" src=\"https:\/\/bibliotheque.ovh\/wp-content\/uploads\/2026\/02\/IMG_20260224_221440-768x1024.jpg\" alt=\"\" class=\"wp-image-985\" srcset=\"https:\/\/bibliotheque.ovh\/wp-content\/uploads\/2026\/02\/IMG_20260224_221440-768x1024.jpg 768w, https:\/\/bibliotheque.ovh\/wp-content\/uploads\/2026\/02\/IMG_20260224_221440-225x300.jpg 225w, https:\/\/bibliotheque.ovh\/wp-content\/uploads\/2026\/02\/IMG_20260224_221440-1152x1536.jpg 1152w, https:\/\/bibliotheque.ovh\/wp-content\/uploads\/2026\/02\/IMG_20260224_221440.jpg 1536w\" sizes=\"(max-width: 768px) 100vw, 768px\" \/><\/figure>\n\n\n\n<figure class=\"wp-block-image size-large\"><img decoding=\"async\" width=\"1024\" height=\"768\" data-id=\"984\" src=\"https:\/\/bibliotheque.ovh\/wp-content\/uploads\/2026\/02\/IMG_20260214_112322-1024x768.jpg\" alt=\"\" class=\"wp-image-984\" srcset=\"https:\/\/bibliotheque.ovh\/wp-content\/uploads\/2026\/02\/IMG_20260214_112322-1024x768.jpg 1024w, https:\/\/bibliotheque.ovh\/wp-content\/uploads\/2026\/02\/IMG_20260214_112322-300x225.jpg 300w, https:\/\/bibliotheque.ovh\/wp-content\/uploads\/2026\/02\/IMG_20260214_112322-768x576.jpg 768w, https:\/\/bibliotheque.ovh\/wp-content\/uploads\/2026\/02\/IMG_20260214_112322-1536x1152.jpg 1536w, https:\/\/bibliotheque.ovh\/wp-content\/uploads\/2026\/02\/IMG_20260214_112322-2048x1536.jpg 2048w\" sizes=\"(max-width: 1024px) 100vw, 1024px\" \/><\/figure>\n\n\n\n<figure class=\"wp-block-image size-large\"><img loading=\"lazy\" decoding=\"async\" width=\"1024\" height=\"768\" data-id=\"983\" src=\"https:\/\/bibliotheque.ovh\/wp-content\/uploads\/2026\/02\/IMG_20260214_112312-1024x768.jpg\" alt=\"\" class=\"wp-image-983\" srcset=\"https:\/\/bibliotheque.ovh\/wp-content\/uploads\/2026\/02\/IMG_20260214_112312-1024x768.jpg 1024w, https:\/\/bibliotheque.ovh\/wp-content\/uploads\/2026\/02\/IMG_20260214_112312-300x225.jpg 300w, https:\/\/bibliotheque.ovh\/wp-content\/uploads\/2026\/02\/IMG_20260214_112312-768x576.jpg 768w, https:\/\/bibliotheque.ovh\/wp-content\/uploads\/2026\/02\/IMG_20260214_112312-1536x1152.jpg 1536w, https:\/\/bibliotheque.ovh\/wp-content\/uploads\/2026\/02\/IMG_20260214_112312-2048x1536.jpg 2048w\" sizes=\"(max-width: 1024px) 100vw, 1024px\" \/><\/figure>\n\n\n\n<figure class=\"wp-block-image size-large\"><img loading=\"lazy\" decoding=\"async\" width=\"1024\" height=\"768\" data-id=\"982\" src=\"https:\/\/bibliotheque.ovh\/wp-content\/uploads\/2026\/02\/IMG_20260131_113103-1024x768.jpg\" alt=\"\" class=\"wp-image-982\" srcset=\"https:\/\/bibliotheque.ovh\/wp-content\/uploads\/2026\/02\/IMG_20260131_113103-1024x768.jpg 1024w, https:\/\/bibliotheque.ovh\/wp-content\/uploads\/2026\/02\/IMG_20260131_113103-300x225.jpg 300w, https:\/\/bibliotheque.ovh\/wp-content\/uploads\/2026\/02\/IMG_20260131_113103-768x576.jpg 768w, https:\/\/bibliotheque.ovh\/wp-content\/uploads\/2026\/02\/IMG_20260131_113103-1536x1152.jpg 1536w, https:\/\/bibliotheque.ovh\/wp-content\/uploads\/2026\/02\/IMG_20260131_113103-2048x1536.jpg 2048w\" sizes=\"(max-width: 1024px) 100vw, 1024px\" \/><\/figure>\n<\/figure>\n\n\n\n<p><\/p>\n\n\n\n<p><\/p>\n\n\n\n<p><\/p>\n","protected":false},"excerpt":{"rendered":"<p>L\u2019association lire et loisirs a accueillis au sein de ses locaux plusieurs ateliers briques les mercredis apr\u00e8s midi et adultes les samedis matin anim\u00e9 par G\u00e9rard.<\/p>\n","protected":false},"author":1,"featured_media":0,"parent":0,"menu_order":0,"comment_status":"closed","ping_status":"closed","template":"","meta":{"footnotes":""},"class_list":["post-980","page","type-page","status-publish","hentry"],"_links":{"self":[{"href":"https:\/\/bibliotheque.ovh\/index.php?rest_route=\/wp\/v2\/pages\/980","targetHints":{"allow":["GET"]}}],"collection":[{"href":"https:\/\/bibliotheque.ovh\/index.php?rest_route=\/wp\/v2\/pages"}],"about":[{"href":"https:\/\/bibliotheque.ovh\/index.php?rest_route=\/wp\/v2\/types\/page"}],"author":[{"embeddable":true,"href":"https:\/\/bibliotheque.ovh\/index.php?rest_route=\/wp\/v2\/users\/1"}],"replies":[{"embeddable":true,"href":"https:\/\/bibliotheque.ovh\/index.php?rest_route=%2Fwp%2Fv2%2Fcomments&post=980"}],"version-history":[{"count":3,"href":"https:\/\/bibliotheque.ovh\/index.php?rest_route=\/wp\/v2\/pages\/980\/revisions"}],"predecessor-version":[{"id":990,"href":"https:\/\/bibliotheque.ovh\/index.php?rest_route=\/wp\/v2\/pages\/980\/revisions\/990"}],"wp:attachment":[{"href":"https:\/\/bibliotheque.ovh\/index.php?rest_route=%2Fwp%2Fv2%2Fmedia&parent=980"}],"curies":[{"name":"wp","href":"https:\/\/api.w.org\/{rel}","templated":true}]}}